{"id":9555,"date":"2025-10-10T12:56:08","date_gmt":"2025-10-10T18:56:08","guid":{"rendered":"https:\/\/seciss.facmed.unam.mx\/?page_id=9555"},"modified":"2026-01-28T14:42:00","modified_gmt":"2026-01-28T20:42:00","slug":"herramientas-didacticas","status":"publish","type":"page","link":"https:\/\/seciss.facmed.unam.mx\/index.php\/herramientas-didacticas\/","title":{"rendered":"Herramientas Did\u00e1cticas"},"content":{"rendered":"<p>[et_pb_section fb_built=\u00bb1&#8243; _builder_version=\u00bb4.27.4&#8243; _module_preset=\u00bbdefault\u00bb background_color=\u00bb#efefef\u00bb custom_padding=\u00bb45px|||||\u00bb global_colors_info=\u00bb{}\u00bb][et_pb_row _builder_version=\u00bb4.27.4&#8243; _module_preset=\u00bbdefault\u00bb custom_padding=\u00bb||82px|||\u00bb global_colors_info=\u00bb{}\u00bb][et_pb_column type=\u00bb4_4&#8243; _builder_version=\u00bb4.27.4&#8243; _module_preset=\u00bbdefault\u00bb global_colors_info=\u00bb{}\u00bb][et_pb_text _builder_version=\u00bb4.27.5&#8243; _module_preset=\u00bbdefault\u00bb text_font=\u00bb|700||||on|||\u00bb text_text_color=\u00bb#08245A\u00bb text_font_size=\u00bb51px\u00bb text_orientation=\u00bbcenter\u00bb custom_margin=\u00bb||36px|||\u00bb hover_enabled=\u00bb0&#8243; text_text_shadow_style=\u00bbpreset1&#8243; global_colors_info=\u00bb{}\u00bb text_font_size_last_edited=\u00bbon|phone\u00bb text_font_size_phone=\u00bb30px\u00bb sticky_enabled=\u00bb0&#8243; text_font_size_tablet=\u00bb51px\u00bb]<\/p>\n<p>Herramientas Did\u00e1cticas<\/p>\n<p>[\/et_pb_text][et_pb_text _builder_version=\u00bb4.27.4&#8243; _module_preset=\u00bbdefault\u00bb text_font=\u00bb||||||||\u00bb text_text_color=\u00bb#08245A\u00bb text_font_size=\u00bb19px\u00bb text_line_height=\u00bb1.9em\u00bb text_orientation=\u00bbcenter\u00bb text_text_shadow_style=\u00bbpreset1&#8243; global_colors_info=\u00bb{}\u00bb]<\/p>\n<p style=\"text-align: justify;\">Este espacio re\u00fane recursos acad\u00e9micos, materiales digitales e infograf\u00edas dise\u00f1ados para acompa\u00f1ar a docentes y estudiantes de la Facultad de Medicina de la UNAM en su proceso de ense\u00f1anza y aprendizaje, fomentando la innovaci\u00f3n y la educaci\u00f3n m\u00e9dica de calidad.<\/p>\n<p>[\/et_pb_text][\/et_pb_column][\/et_pb_row][et_pb_row column_structure=\u00bb1_3,2_3&#8243; _builder_version=\u00bb4.27.4&#8243; _module_preset=\u00bbdefault\u00bb global_colors_info=\u00bb{}\u00bb][et_pb_column type=\u00bb1_3&#8243; _builder_version=\u00bb4.27.4&#8243; _module_preset=\u00bbdefault\u00bb global_colors_info=\u00bb{}\u00bb][et_pb_icon font_icon=\u00bb&#xf19d;||fa||900&#8243; icon_color=\u00bb#08245A\u00bb url=\u00bbhttps:\/\/seciss.facmed.unam.mx\/index.php\/recursos-academicos\/\u00bb _builder_version=\u00bb4.27.4&#8243; _module_preset=\u00bbdefault\u00bb custom_padding=\u00bb15px|||||\u00bb global_colors_info=\u00bb{}\u00bb][\/et_pb_icon][\/et_pb_column][et_pb_column type=\u00bb2_3&#8243; _builder_version=\u00bb4.27.4&#8243; _module_preset=\u00bbdefault\u00bb global_colors_info=\u00bb{}\u00bb][et_pb_heading title=\u00bbRecursos Acad\u00e9micos\u00bb url=\u00bbhttps:\/\/seciss.facmed.unam.mx\/index.php\/recursos-academicos\/\u00bb _builder_version=\u00bb4.27.4&#8243; _module_preset=\u00bbdefault\u00bb title_font=\u00bb|700|||||||\u00bb title_text_color=\u00bb#08245A\u00bb global_colors_info=\u00bb{}\u00bb][\/et_pb_heading][et_pb_text _builder_version=\u00bb4.27.4&#8243; _module_preset=\u00bbdefault\u00bb text_text_color=\u00bb#000000&#8243; global_colors_info=\u00bb{}\u00bb]<\/p>\n<p style=\"text-align: justify;\">Espacio dirigido a los <strong data-start=\"331\" data-end=\"373\">estudiantes de la Facultad de Medicina<\/strong>, que re\u00fane materiales de apoyo para fortalecer su aprendizaje: gu\u00edas, lecturas, videos, presentaciones y herramientas digitales que facilitan el estudio y la comprensi\u00f3n de los contenidos m\u00e9dicos.<\/p>\n<p>[\/et_pb_text][\/et_pb_column][\/et_pb_row][et_pb_row column_structure=\u00bb1_3,2_3&#8243; _builder_version=\u00bb4.27.4&#8243; _module_preset=\u00bbdefault\u00bb global_colors_info=\u00bb{}\u00bb][et_pb_column type=\u00bb1_3&#8243; _builder_version=\u00bb4.27.4&#8243; _module_preset=\u00bbdefault\u00bb global_colors_info=\u00bb{}\u00bb][et_pb_icon font_icon=\u00bb&#xe60c;||divi||400&#8243; icon_color=\u00bb#08245A\u00bb url=\u00bbhttps:\/\/seciss.facmed.unam.mx\/index.php\/educacionadistancia\/\u00bb _builder_version=\u00bb4.27.4&#8243; _module_preset=\u00bbdefault\u00bb custom_padding=\u00bb15px|||||\u00bb global_colors_info=\u00bb{}\u00bb][\/et_pb_icon][\/et_pb_column][et_pb_column type=\u00bb2_3&#8243; _builder_version=\u00bb4.27.4&#8243; _module_preset=\u00bbdefault\u00bb global_colors_info=\u00bb{}\u00bb][et_pb_heading title=\u00bbEducaci\u00f3n a distancia\u00bb url=\u00bbhttps:\/\/seciss.facmed.unam.mx\/index.php\/educacionadistancia\/\u00bb _builder_version=\u00bb4.27.4&#8243; _module_preset=\u00bbdefault\u00bb title_font=\u00bb|700|||||||\u00bb title_text_color=\u00bb#08245A\u00bb global_colors_info=\u00bb{}\u00bb][\/et_pb_heading][et_pb_text _builder_version=\u00bb4.27.4&#8243; _module_preset=\u00bbdefault\u00bb text_text_color=\u00bb#000000&#8243; global_colors_info=\u00bb{}\u00bb]<\/p>\n<p style=\"text-align: justify;\">Secci\u00f3n orientada a la formaci\u00f3n virtual, con plataformas, tutoriales y estrategias para el desarrollo de clases en l\u00ednea, evaluaci\u00f3n digital y comunicaci\u00f3n efectiva entre docentes y estudiantes.<\/p>\n<p>[\/et_pb_text][\/et_pb_column][\/et_pb_row][et_pb_row column_structure=\u00bb1_3,2_3&#8243; _builder_version=\u00bb4.27.4&#8243; _module_preset=\u00bbdefault\u00bb global_colors_info=\u00bb{}\u00bb][et_pb_column type=\u00bb1_3&#8243; _builder_version=\u00bb4.27.4&#8243; _module_preset=\u00bbdefault\u00bb global_colors_info=\u00bb{}\u00bb][et_pb_icon font_icon=\u00bb&#xf542;||fa||900&#8243; icon_color=\u00bb#08245A\u00bb url=\u00bbhttps:\/\/seciss.facmed.unam.mx\/index.php\/infografias\/\u00bb _builder_version=\u00bb4.27.4&#8243; _module_preset=\u00bbdefault\u00bb custom_padding=\u00bb15px|||||\u00bb global_colors_info=\u00bb{}\u00bb][\/et_pb_icon][\/et_pb_column][et_pb_column type=\u00bb2_3&#8243; _builder_version=\u00bb4.27.4&#8243; _module_preset=\u00bbdefault\u00bb global_colors_info=\u00bb{}\u00bb][et_pb_heading title=\u00bbInfograf\u00edas\u00bb url=\u00bbhttps:\/\/seciss.facmed.unam.mx\/index.php\/infografias\/\u00bb _builder_version=\u00bb4.27.4&#8243; _module_preset=\u00bbdefault\u00bb title_font=\u00bb|700|||||||\u00bb title_text_color=\u00bb#08245A\u00bb global_colors_info=\u00bb{}\u00bb][\/et_pb_heading][et_pb_text _builder_version=\u00bb4.27.4&#8243; _module_preset=\u00bbdefault\u00bb text_text_color=\u00bb#000000&#8243; global_colors_info=\u00bb{}\u00bb]<\/p>\n<p style=\"text-align: justify;\">Colecci\u00f3n de <strong data-start=\"894\" data-end=\"932\">materiales visuales e informativos<\/strong> sobre temas acad\u00e9micos y de salud, dise\u00f1ados para comunicar de manera clara y atractiva conceptos clave, buenas pr\u00e1cticas y contenidos de inter\u00e9s para la comunidad m\u00e9dica universitaria.<\/p>\n<p>[\/et_pb_text][\/et_pb_column][\/et_pb_row][\/et_pb_section]<\/p>\n","protected":false},"excerpt":{"rendered":"<p>Herramientas Did\u00e1cticasEste espacio re\u00fane recursos acad\u00e9micos, materiales digitales e infograf\u00edas dise\u00f1ados para acompa\u00f1ar a docentes y estudiantes de la Facultad de Medicina de la UNAM en su proceso de ense\u00f1anza y aprendizaje, fomentando la innovaci\u00f3n y la educaci\u00f3n m\u00e9dica de calidad.Espacio dirigido a los estudiantes de la Facultad de Medicina, que re\u00fane materiales de apoyo [&hellip;]<\/p>\n","protected":false},"author":4,"featured_media":0,"parent":0,"menu_order":0,"comment_status":"closed","ping_status":"closed","template":"","meta":{"_et_pb_use_builder":"on","_et_pb_old_content":"","_et_gb_content_width":"","footnotes":""},"class_list":["post-9555","page","type-page","status-publish","hentry"],"jetpack_sharing_enabled":true,"_links":{"self":[{"href":"https:\/\/seciss.facmed.unam.mx\/index.php\/wp-json\/wp\/v2\/pages\/9555","targetHints":{"allow":["GET"]}}],"collection":[{"href":"https:\/\/seciss.facmed.unam.mx\/index.php\/wp-json\/wp\/v2\/pages"}],"about":[{"href":"https:\/\/seciss.facmed.unam.mx\/index.php\/wp-json\/wp\/v2\/types\/page"}],"author":[{"embeddable":true,"href":"https:\/\/seciss.facmed.unam.mx\/index.php\/wp-json\/wp\/v2\/users\/4"}],"replies":[{"embeddable":true,"href":"https:\/\/seciss.facmed.unam.mx\/index.php\/wp-json\/wp\/v2\/comments?post=9555"}],"version-history":[{"count":6,"href":"https:\/\/seciss.facmed.unam.mx\/index.php\/wp-json\/wp\/v2\/pages\/9555\/revisions"}],"predecessor-version":[{"id":9867,"href":"https:\/\/seciss.facmed.unam.mx\/index.php\/wp-json\/wp\/v2\/pages\/9555\/revisions\/9867"}],"wp:attachment":[{"href":"https:\/\/seciss.facmed.unam.mx\/index.php\/wp-json\/wp\/v2\/media?parent=9555"}],"curies":[{"name":"wp","href":"https:\/\/api.w.org\/{rel}","templated":true}]}}