{"id":7884,"date":"2023-08-23T14:28:52","date_gmt":"2023-08-23T20:28:52","guid":{"rendered":"https:\/\/seciss.facmed.unam.mx\/?page_id=7884"},"modified":"2024-07-31T13:06:11","modified_gmt":"2024-07-31T19:06:11","slug":"echo-unam-mexico","status":"publish","type":"page","link":"https:\/\/seciss.facmed.unam.mx\/index.php\/echo-unam-mexico\/","title":{"rendered":"ECHO &#8211; UNAM M\u00c9XICO"},"content":{"rendered":"<p>[et_pb_section fb_built=\u00bb1&#8243; fullwidth=\u00bbon\u00bb _builder_version=\u00bb4.22.1&#8243; _module_preset=\u00bbdefault\u00bb global_colors_info=\u00bb{}\u00bb][et_pb_fullwidth_image src=\u00bbhttps:\/\/seciss.facmed.unam.mx\/wp-content\/uploads\/2023\/10\/BANNERECHO-scaled.jpg\u00bb title_text=\u00bbBANNERECHO\u00bb _builder_version=\u00bb4.22.2&#8243; _module_preset=\u00bbdefault\u00bb width=\u00bb100%\u00bb max_width=\u00bb100%\u00bb global_colors_info=\u00bb{}\u00bb][\/et_pb_fullwidth_image][\/et_pb_section][et_pb_section fb_built=\u00bb1&#8243; admin_label=\u00bbServices\u00bb _builder_version=\u00bb4.22.1&#8243; _module_preset=\u00bbdefault\u00bb background_color=\u00bb#8F8F8F\u00bb background_image=\u00bbhttps:\/\/seciss.facmed.unam.mx\/wp-content\/uploads\/2023\/08\/FACMED.jpeg\u00bb parallax=\u00bbon\u00bb parallax_method=\u00bboff\u00bb custom_padding=\u00bb67px||67px||false|false\u00bb box_shadow_style=\u00bbpreset2&#8243; box_shadow_horizontal=\u00bb-53px\u00bb collapsed=\u00bbon\u00bb global_colors_info=\u00bb{%22gcid-2f3f3e09-0a26-4ea7-8906-5e1128945e3f%22:%91%22background_color_gradient_stops%22%93,%22gcid-9fa4a1b6-767d-41ca-984c-a6f10449c843%22:%91%22background_color_gradient_stops%22%93}\u00bb][et_pb_row _builder_version=\u00bb4.22.1&#8243; _module_preset=\u00bbdefault\u00bb global_colors_info=\u00bb{}\u00bb][et_pb_column type=\u00bb4_4&#8243; _builder_version=\u00bb4.22.1&#8243; _module_preset=\u00bbdefault\u00bb global_colors_info=\u00bb{}\u00bb][et_pb_video src_webm=\u00bbhttps:\/\/seciss.facmed.unam.mx\/wp-content\/uploads\/2023\/10\/OFICIAL-ECHO-2.mp4&#8243; _builder_version=\u00bb4.22.2&#8243; _module_preset=\u00bbdefault\u00bb width=\u00bb57%\u00bb module_alignment=\u00bbcenter\u00bb box_shadow_style=\u00bbpreset1&#8243; global_colors_info=\u00bb{}\u00bb][\/et_pb_video][\/et_pb_column][\/et_pb_row][\/et_pb_section][et_pb_section fb_built=\u00bb1&#8243; _builder_version=\u00bb4.22.2&#8243; _module_preset=\u00bbdefault\u00bb background_color=\u00bbrgba(17,195,255,0.19)\u00bb background_enable_pattern_style=\u00bbon\u00bb background_pattern_style=\u00bbtufted\u00bb global_colors_info=\u00bb{}\u00bb][et_pb_row _builder_version=\u00bb4.22.1&#8243; _module_preset=\u00bbdefault\u00bb global_colors_info=\u00bb{}\u00bb][et_pb_column type=\u00bb4_4&#8243; _builder_version=\u00bb4.22.1&#8243; _module_preset=\u00bbdefault\u00bb global_colors_info=\u00bb{}\u00bb][dica_divi_carousel item_width_auto=\u00bbon\u00bb item_width=\u00bb266px\u00bb multislide=\u00bbon\u00bb transition_duration=\u00bb1500&#8243; centermode=\u00bbon\u00bb loop=\u00bbon\u00bb autoplay=\u00bbon\u00bb arrow_nav=\u00bbon\u00bb item_spacing=\u00bb100&#8243; advanced_effect=\u00bbcoverflow\u00bb arrow_nav_color=\u00bb#08245A\u00bb arrow_bg_color=\u00bbRGBA(255,255,255,0)\u00bb use_prev_icon=\u00bbon\u00bb prev_icon=\u00bb&#x38;||divi||400&#8243; use_next_icon=\u00bbon\u00bb next_icon=\u00bb&#x39;||divi||400&#8243; _builder_version=\u00bb4.27.0&#8243; _module_preset=\u00bbdefault\u00bb width=\u00bb100%\u00bb max_width=\u00bb100%\u00bb hover_enabled=\u00bb0&#8243; border_radii_item=\u00bbon|22px|22px|22px|22px\u00bb box_shadow_style_image=\u00bbpreset1&#8243; global_colors_info=\u00bb{}\u00bb sticky_enabled=\u00bb0&#8243;][dica_divi_carouselitem button_url_new_window=\u00bb1&#8243; image=\u00bbhttps:\/\/seciss.facmed.unam.mx\/wp-content\/uploads\/2023\/10\/HISTORIA.jpg\u00bb _builder_version=\u00bb4.22.2&#8243; _module_preset=\u00bbdefault\u00bb link_option_url=\u00bbhttps:\/\/seciss.facmed.unam.mx\/index.php\/echo-1\/#historia\u00bb link_option_url_new_window=\u00bbon\u00bb hover_enabled=\u00bb0&#8243; global_colors_info=\u00bb{}\u00bb sticky_enabled=\u00bb0&#8243;][\/dica_divi_carouselitem][dica_divi_carouselitem button_url_new_window=\u00bb1&#8243; image=\u00bbhttps:\/\/seciss.facmed.unam.mx\/wp-content\/uploads\/2023\/10\/EQUIPO.jpg\u00bb _builder_version=\u00bb4.22.2&#8243; _module_preset=\u00bbdefault\u00bb link_option_url=\u00bbhttps:\/\/seciss.facmed.unam.mx\/index.php\/echo-1\/#equipo\u00bb link_option_url_new_window=\u00bbon\u00bb global_colors_info=\u00bb{}\u00bb][\/dica_divi_carouselitem][dica_divi_carouselitem button_url_new_window=\u00bb1&#8243; image=\u00bbhttps:\/\/seciss.facmed.unam.mx\/wp-content\/uploads\/2024\/07\/TELECLI\u0301NICAS.jpg\u00bb _builder_version=\u00bb4.27.0&#8243; _module_preset=\u00bbdefault\u00bb link_option_url=\u00bbhttps:\/\/seciss.facmed.unam.mx\/index.php\/echo-1\/#hub\u00bb link_option_url_new_window=\u00bbon\u00bb hover_enabled=\u00bb0&#8243; global_colors_info=\u00bb{}\u00bb title_text=\u00bbTELECLI\u0301NICAS\u00bb sticky_enabled=\u00bb0&#8243;][\/dica_divi_carouselitem][\/dica_divi_carousel][\/et_pb_column][\/et_pb_row][\/et_pb_section][et_pb_section fb_built=\u00bb1&#8243; _builder_version=\u00bb4.22.2&#8243; _module_preset=\u00bbdefault\u00bb background_enable_color=\u00bboff\u00bb custom_padding=\u00bb29px||22px|||\u00bb global_colors_info=\u00bb{}\u00bb][et_pb_row _builder_version=\u00bb4.22.2&#8243; _module_preset=\u00bbdefault\u00bb global_colors_info=\u00bb{}\u00bb][et_pb_column type=\u00bb4_4&#8243; _builder_version=\u00bb4.22.2&#8243; _module_preset=\u00bbdefault\u00bb global_colors_info=\u00bb{}\u00bb][et_pb_text _builder_version=\u00bb4.22.2&#8243; _module_preset=\u00bbdefault\u00bb text_font=\u00bbTrebuchet|600|||||||\u00bb text_text_color=\u00bb#117A7E\u00bb global_colors_info=\u00bb{}\u00bb]<\/p>\n<h1 style=\"text-align: center;\"><span style=\"color: #003366;\"><strong>\u00daLTIMAS NOTICIAS<\/strong><\/span><\/h1>\n<p>[\/et_pb_text][et_pb_divider color=\u00bb#D7241D\u00bb divider_weight=\u00bb3px\u00bb _builder_version=\u00bb4.22.2&#8243; _module_preset=\u00bbdefault\u00bb width=\u00bb59%\u00bb module_alignment=\u00bbcenter\u00bb custom_margin=\u00bb-18px||||false|false\u00bb global_colors_info=\u00bb{}\u00bb][\/et_pb_divider][\/et_pb_column][\/et_pb_row][et_pb_row _builder_version=\u00bb4.22.1&#8243; _module_preset=\u00bbdefault\u00bb global_colors_info=\u00bb{}\u00bb][et_pb_column type=\u00bb4_4&#8243; _builder_version=\u00bb4.22.1&#8243; _module_preset=\u00bbdefault\u00bb global_colors_info=\u00bb{}\u00bb][et_pb_blog fullwidth=\u00bboff\u00bb posts_number=\u00bb3&#8243; include_categories=\u00bb15&#8243; show_more=\u00bbon\u00bb use_overlay=\u00bbon\u00bb _builder_version=\u00bb4.22.2&#8243; _module_preset=\u00bbdefault\u00bb body_text_align=\u00bbjustify\u00bb meta_font_size=\u00bb10px\u00bb read_more_text_color=\u00bb#D7241D\u00bb read_more_font_size=\u00bb17px\u00bb read_more_line_height=\u00bb2em\u00bb width=\u00bb100%\u00bb max_width=\u00bb100%\u00bb header_text_shadow_style=\u00bbpreset3&#8243; read_more_text_shadow_style=\u00bbpreset3&#8243; border_radii=\u00bbon|12px|12px|12px|12px\u00bb box_shadow_style=\u00bbpreset1&#8243; global_colors_info=\u00bb{}\u00bb][\/et_pb_blog][\/et_pb_column][\/et_pb_row][\/et_pb_section][et_pb_section fb_built=\u00bb1&#8243; _builder_version=\u00bb4.22.2&#8243; _module_preset=\u00bbdefault\u00bb background_color=\u00bbrgba(8,36,90,0.45)\u00bb background_video_mp4=\u00bbhttps:\/\/seciss.facmed.unam.mx\/wp-content\/uploads\/2023\/10\/CU.mp4&#8243; custom_padding=\u00bb28px|||||\u00bb global_colors_info=\u00bb{}\u00bb][et_pb_row _builder_version=\u00bb4.22.2&#8243; _module_preset=\u00bbdefault\u00bb global_colors_info=\u00bb{}\u00bb][et_pb_column type=\u00bb4_4&#8243; _builder_version=\u00bb4.22.2&#8243; _module_preset=\u00bbdefault\u00bb global_colors_info=\u00bb{}\u00bb][et_pb_text _builder_version=\u00bb4.22.2&#8243; _module_preset=\u00bbdefault\u00bb text_font=\u00bbTrebuchet|600|||||||\u00bb text_text_color=\u00bb#117A7E\u00bb global_colors_info=\u00bb{}\u00bb]<\/p>\n<h1 style=\"text-align: center;\"><span style=\"color: #003366;\"><strong>GALER\u00cdA<\/strong><\/span><\/h1>\n<p>[\/et_pb_text][et_pb_divider color=\u00bb#D7241D\u00bb divider_weight=\u00bb3px\u00bb _builder_version=\u00bb4.22.2&#8243; _module_preset=\u00bbdefault\u00bb width=\u00bb59%\u00bb module_alignment=\u00bbcenter\u00bb custom_margin=\u00bb-18px||||false|false\u00bb global_colors_info=\u00bb{}\u00bb][\/et_pb_divider][\/et_pb_column][\/et_pb_row][et_pb_row _builder_version=\u00bb4.22.2&#8243; _module_preset=\u00bbdefault\u00bb global_colors_info=\u00bb{}\u00bb][et_pb_column type=\u00bb4_4&#8243; _builder_version=\u00bb4.22.2&#8243; _module_preset=\u00bbdefault\u00bb global_colors_info=\u00bb{}\u00bb][dica_divi_carousel item_width_auto=\u00bbon\u00bb item_width=\u00bb342px\u00bb transition_duration=\u00bb2000&#8243; centermode=\u00bbon\u00bb loop=\u00bbon\u00bb autoplay=\u00bbon\u00bb arrow_nav=\u00bbon\u00bb item_spacing=\u00bb100&#8243; advanced_effect=\u00bbcoverflow\u00bb coverflow_rotate=\u00bb49&#8243; coverflow_shadow=\u00bboff\u00bb overlay_image=\u00bbon\u00bb arrow_nav_color=\u00bb#08245A\u00bb arrow_bg_color=\u00bbRGBA(255,255,255,0)\u00bb arrow_position=\u00bbmiddle-outside\u00bb arrow_show_hover=\u00bbon\u00bb use_prev_icon=\u00bbon\u00bb prev_icon=\u00bb&#x38;||divi||400&#8243; use_next_icon=\u00bbon\u00bb next_icon=\u00bb&#x39;||divi||400&#8243; _builder_version=\u00bb4.22.2&#8243; _module_preset=\u00bbdefault\u00bb title_text_align=\u00bbjustify\u00bb title_line_height=\u00bb1.2em\u00bb border_radii_item=\u00bbon|12px|12px|12px|12px\u00bb global_colors_info=\u00bb{}\u00bb][dica_divi_carouselitem title=\u00bbPrimera reuni\u00f3n con autoridades de la Direcci\u00f3n de Profesionalizaci\u00f3n en Salud y Calidad en el Servicio de la Secretaria de Salud del Estado de Hidalgo\u00bb button_url_new_window=\u00bb1&#8243; title_position=\u00bbbottom\u00bb _builder_version=\u00bb4.22.2&#8243; _module_preset=\u00bbdefault\u00bb header_level=\u00bbh3&#8243; header_font=\u00bbTrebuchet||||||||\u00bb header_text_align=\u00bbcenter\u00bb header_text_color=\u00bb#FFFFFF\u00bb header_font_size=\u00bb14px\u00bb background_color=\u00bbrgba(8,36,90,0.65)\u00bb background_enable_color=\u00bbon\u00bb global_colors_info=\u00bb{}\u00bb]<\/p>\n<p><img loading=\"lazy\" decoding=\"async\" src=\"https:\/\/seciss.facmed.unam.mx\/wp-content\/uploads\/2023\/10\/Imagen-1.jpg\" width=\"862\" height=\"646\" alt=\"\" class=\"wp-image-8012 alignnone size-full\" srcset=\"https:\/\/seciss.facmed.unam.mx\/wp-content\/uploads\/2023\/10\/Imagen-1.jpg 862w, https:\/\/seciss.facmed.unam.mx\/wp-content\/uploads\/2023\/10\/Imagen-1-480x360.jpg 480w\" sizes=\"(min-width: 0px) and (max-width: 480px) 480px, (min-width: 481px) 862px, 100vw\" \/><\/p>\n<p>[\/dica_divi_carouselitem][dica_divi_carouselitem title=\u00bbParticipaci\u00f3n del equipo del Hub de Nuevo M\u00e9xico y Uruguay para consolidaci\u00f3n del la primer telecl\u00ednica del Hub-UNAM.\u00bb button_url_new_window=\u00bb1&#8243; title_position=\u00bbbottom\u00bb image_position=\u00bbimage_bottom\u00bb _builder_version=\u00bb4.22.2&#8243; _module_preset=\u00bbdefault\u00bb header_font=\u00bbTrebuchet||||||||\u00bb header_text_align=\u00bbcenter\u00bb header_text_color=\u00bb#FFFFFF\u00bb header_font_size=\u00bb14px\u00bb background_color=\u00bbrgba(8,36,90,0.65)\u00bb background_enable_color=\u00bbon\u00bb global_colors_info=\u00bb{}\u00bb]<\/p>\n<p><img loading=\"lazy\" decoding=\"async\" src=\"https:\/\/seciss.facmed.unam.mx\/wp-content\/uploads\/2023\/10\/1sdfghj.jpg\" width=\"660\" height=\"375\" alt=\"\" class=\"wp-image-8006 alignnone size-full\" srcset=\"https:\/\/seciss.facmed.unam.mx\/wp-content\/uploads\/2023\/10\/1sdfghj.jpg 660w, https:\/\/seciss.facmed.unam.mx\/wp-content\/uploads\/2023\/10\/1sdfghj-480x273.jpg 480w\" sizes=\"(min-width: 0px) and (max-width: 480px) 480px, (min-width: 481px) 660px, 100vw\" \/><\/p>\n<p>[\/dica_divi_carouselitem][dica_divi_carouselitem title=\u00bbParticipaci\u00f3n del equipo del Hub de Nuevo M\u00e9xico y Uruguay para consolidaci\u00f3n del la primer telecl\u00ednica del Hub-UNAM.\u00bb button_url_new_window=\u00bb1&#8243; title_position=\u00bbbottom\u00bb _builder_version=\u00bb4.22.2&#8243; _module_preset=\u00bbdefault\u00bb header_font=\u00bbTrebuchet||||||||\u00bb header_text_align=\u00bbcenter\u00bb header_text_color=\u00bb#FFFFFF\u00bb header_font_size=\u00bb14px\u00bb background_color=\u00bbrgba(8,36,90,0.65)\u00bb background_enable_color=\u00bbon\u00bb global_colors_info=\u00bb{}\u00bb]<\/p>\n<p><img loading=\"lazy\" decoding=\"async\" src=\"https:\/\/seciss.facmed.unam.mx\/wp-content\/uploads\/2023\/10\/cdfghjk.png\" width=\"290\" height=\"164\" alt=\"\" class=\"wp-image-8008 alignnone size-full\" style=\"display: block; margin-left: auto; margin-right: auto;\" \/><\/p>\n<p>[\/dica_divi_carouselitem][dica_divi_carouselitem title=\u00bbReuni\u00f3n en Direcci\u00f3n de la Facultad de Medicina, UNAM, Fundaci\u00f3n Carlos Slim y autoridades representantes del Proyecto ECHO en el desarrollo del Nuevo HUB-UNAM.\u00bb button_url_new_window=\u00bb1&#8243; title_position=\u00bbbottom\u00bb _builder_version=\u00bb4.22.2&#8243; _module_preset=\u00bbdefault\u00bb header_font=\u00bbTrebuchet||||||||\u00bb header_text_align=\u00bbcenter\u00bb header_text_color=\u00bb#FFFFFF\u00bb header_font_size=\u00bb14px\u00bb background_color=\u00bbrgba(8,36,90,0.65)\u00bb background_enable_color=\u00bbon\u00bb global_colors_info=\u00bb{}\u00bb]<\/p>\n<p><img loading=\"lazy\" decoding=\"async\" src=\"https:\/\/seciss.facmed.unam.mx\/wp-content\/uploads\/2023\/10\/fdghjkl.png\" width=\"492\" height=\"368\" alt=\"\" class=\"wp-image-8009 alignnone size-full\" srcset=\"https:\/\/seciss.facmed.unam.mx\/wp-content\/uploads\/2023\/10\/fdghjkl.png 492w, https:\/\/seciss.facmed.unam.mx\/wp-content\/uploads\/2023\/10\/fdghjkl-480x359.png 480w\" sizes=\"(min-width: 0px) and (max-width: 480px) 480px, (min-width: 481px) 492px, 100vw\" \/><\/p>\n<p>[\/dica_divi_carouselitem][dica_divi_carouselitem title=\u00bbVinculaci\u00f3n del Hub Uruguay con el Departamento de Psiquiatr\u00eda y Salud Mental de la Facultad de Medicina de la UNAM.\u00bb button_url_new_window=\u00bb1&#8243; title_position=\u00bbbottom\u00bb _builder_version=\u00bb4.22.2&#8243; _module_preset=\u00bbdefault\u00bb header_font=\u00bbTrebuchet||||||||\u00bb header_text_align=\u00bbcenter\u00bb header_text_color=\u00bb#FFFFFF\u00bb header_font_size=\u00bb14px\u00bb background_color=\u00bbrgba(8,36,90,0.65)\u00bb background_enable_color=\u00bbon\u00bb global_colors_info=\u00bb{}\u00bb]<\/p>\n<p><img loading=\"lazy\" decoding=\"async\" src=\"https:\/\/seciss.facmed.unam.mx\/wp-content\/uploads\/2023\/10\/adwerthyjuk.png\" width=\"516\" height=\"388\" alt=\"\" class=\"wp-image-8007 alignnone size-full\" srcset=\"https:\/\/seciss.facmed.unam.mx\/wp-content\/uploads\/2023\/10\/adwerthyjuk.png 516w, https:\/\/seciss.facmed.unam.mx\/wp-content\/uploads\/2023\/10\/adwerthyjuk-480x361.png 480w\" sizes=\"(min-width: 0px) and (max-width: 480px) 480px, (min-width: 481px) 516px, 100vw\" \/><\/p>\n<p>[\/dica_divi_carouselitem][dica_divi_carouselitem title=\u00bbVisita del Hub de Nuevo M\u00e9xico y Uruguay  por el campus central de la UNAM.\u00bb button_url_new_window=\u00bb1&#8243; title_position=\u00bbbottom\u00bb _builder_version=\u00bb4.22.2&#8243; _module_preset=\u00bbdefault\u00bb header_font=\u00bbTrebuchet||||||||\u00bb header_text_align=\u00bbcenter\u00bb header_text_color=\u00bb#FFFFFF\u00bb header_font_size=\u00bb14px\u00bb background_color=\u00bbrgba(8,36,90,0.65)\u00bb background_enable_color=\u00bbon\u00bb global_colors_info=\u00bb{}\u00bb]<\/p>\n<p><img loading=\"lazy\" decoding=\"async\" src=\"https:\/\/seciss.facmed.unam.mx\/wp-content\/uploads\/2023\/10\/sdfghghjm.jpg\" width=\"864\" height=\"1121\" alt=\"\" class=\"wp-image-8010 alignnone size-full\" srcset=\"https:\/\/seciss.facmed.unam.mx\/wp-content\/uploads\/2023\/10\/sdfghghjm.jpg 864w, https:\/\/seciss.facmed.unam.mx\/wp-content\/uploads\/2023\/10\/sdfghghjm-480x623.jpg 480w\" sizes=\"(min-width: 0px) and (max-width: 480px) 480px, (min-width: 481px) 864px, 100vw\" \/><\/p>\n<p>[\/dica_divi_carouselitem][\/dica_divi_carousel][\/et_pb_column][\/et_pb_row][\/et_pb_section][et_pb_section fb_built=\u00bb1&#8243; _builder_version=\u00bb4.22.2&#8243; _module_preset=\u00bbdefault\u00bb background_color=\u00bb#B3B3B3&#8243; global_colors_info=\u00bb{}\u00bb][et_pb_row column_structure=\u00bb1_3,1_3,1_3&#8243; _builder_version=\u00bb4.22.1&#8243; _module_preset=\u00bbdefault\u00bb global_colors_info=\u00bb{}\u00bb][et_pb_column type=\u00bb1_3&#8243; _builder_version=\u00bb4.22.1&#8243; _module_preset=\u00bbdefault\u00bb global_colors_info=\u00bb{}\u00bb][et_pb_text _builder_version=\u00bb4.22.2&#8243; _module_preset=\u00bbdefault\u00bb text_font=\u00bbTrebuchet|600|||||||\u00bb custom_padding=\u00bb40px|||||\u00bb global_colors_info=\u00bb{}\u00bb]<\/p>\n<h1 style=\"text-align: center;\"><strong><span style=\"color: #003366;\">SITIOS DE INTER\u00c9S<\/span><\/strong><\/h1>\n<p>[\/et_pb_text][et_pb_divider color=\u00bb#D7241D\u00bb divider_weight=\u00bb3px\u00bb _builder_version=\u00bb4.22.2&#8243; _module_preset=\u00bbdefault\u00bb width=\u00bb96%\u00bb module_alignment=\u00bbcenter\u00bb custom_margin=\u00bb-18px||||false|false\u00bb global_colors_info=\u00bb{}\u00bb][\/et_pb_divider][\/et_pb_column][et_pb_column type=\u00bb1_3&#8243; _builder_version=\u00bb4.22.1&#8243; _module_preset=\u00bbdefault\u00bb global_colors_info=\u00bb{}\u00bb][et_pb_image src=\u00bbhttps:\/\/seciss.facmed.unam.mx\/wp-content\/uploads\/2023\/08\/NMecho.png\u00bb title_text=\u00bbNMecho\u00bb url=\u00bbhttps:\/\/hsc.unm.edu\/echo\/\u00bb url_new_window=\u00bbon\u00bb _builder_version=\u00bb4.22.1&#8243; _module_preset=\u00bbdefault\u00bb global_colors_info=\u00bb{}\u00bb][\/et_pb_image][\/et_pb_column][et_pb_column type=\u00bb1_3&#8243; _builder_version=\u00bb4.22.1&#8243; _module_preset=\u00bbdefault\u00bb global_colors_info=\u00bb{}\u00bb][et_pb_image src=\u00bbhttps:\/\/seciss.facmed.unam.mx\/wp-content\/uploads\/2023\/08\/UruguayECHO.png\u00bb title_text=\u00bbUruguayECHO\u00bb url=\u00bbhttps:\/\/proyectoecho.fmed.edu.uy\/\u00bb url_new_window=\u00bbon\u00bb _builder_version=\u00bb4.22.1&#8243; _module_preset=\u00bbdefault\u00bb global_colors_info=\u00bb{}\u00bb][\/et_pb_image][\/et_pb_column][\/et_pb_row][\/et_pb_section]<\/p>\n","protected":false},"excerpt":{"rendered":"<p><div class=\"et_pb_module dica_divi_carousel dica_divi_carousel_0\">\n\t\t\t\t\n\t\t\t\t\n\t\t\t\t\n\t\t\t\t\n\t\t\t\t\n\t\t\t\t\n\t\t\t\t<div class=\"et_pb_module_inner\">\n\t\t\t\t\t<div class=\"dica-container  desktop_middle-inside tablet_middle-inside mobile_middle-inside\" data-props='{\"desktop\":\"4\",\"tablet\":\"3\",\"mobile\":\"1\",\"speed\":\"1500\",\"arrow\":\"on\",\"dots\":\"off\",\"autoplay\":\"on\",\"autoSpeed\":\"1000\",\"loop\":\"on\",\"item_spacing\":\"100\",\"center_mode\":\"on\",\"slider_effec\":\"coverflow\",\"cover_rotate\":\"50\",\"pause_onhover\":\"off\",\"multislide\":\"on\",\"cfshadow\":\"on\",\"order\":\"0\",\"lazyload\":\"off\",\"lazybefore\":\"off\",\"scroller_effect\":\"off\",\"autowidth\":\"on\",\"item_spacing_tablet\":\"100\",\"item_spacing_phone\":\"100\",\"scroller_speed\":\"4000\",\"hashNavigation\":\"off\",\"simulatetouch\":\"off\",\"allowtouchmove\":\"off\",\"slide_row\":\"1\",\"slide_row_tablet\":\"1\",\"slide_row_phone\":\"1\",\"keyboard\":\"off\",\"mousewheel\":\"off\",\"autoplay_viewport\":\"80%\"}'>\n\t\t\t\t\t\t\t \t<div class=\"swiper-container\" >\n\t\t\t\t\t\t\t\t\t<div class=\"swiper-wrapper\"><div class=\"et_pb_module dica_divi_carouselitem dica_divi_carouselitem_0 et_clickable\">\n\t\t\t\t\n\t\t\t\t\n\t\t\t\t\n\t\t\t\t\n\t\t\t\t\n\t\t\t\t\n\t\t\t\t<div class=\"et_pb_module_inner\">\n\t\t\t\t\t <div class=\"dica-item empty-content image_top\" data-link=\"https:\/\/seciss.facmed.unam.mx\/index.php\/echo-1\/#historia\" data-target=\"_blank\" data-hash=\"dica_divi_carouselitem_0\">\n\t\t\t\t\t\t\t\t\t<div class=\"dica-image-container\"><span class=\"image\"><img loading=\"lazy\" decoding=\"async\" src=\"https:\/\/seciss.facmed.unam.mx\/wp-content\/uploads\/2023\/10\/HISTORIA.jpg\" srcset=\"https:\/\/seciss.facmed.unam.mx\/wp-content\/uploads\/2023\/10\/HISTORIA.jpg 1181w, https:\/\/seciss.facmed.unam.mx\/wp-content\/uploads\/2023\/10\/HISTORIA-980x980.jpg 980w, https:\/\/seciss.facmed.unam.mx\/wp-content\/uploads\/2023\/10\/HISTORIA-480x480.jpg 480w\" alt=\"\" class=\"dica-item-image\" width=\"1181\" height=\"1181\"\/><\/span><\/div>\n\t\t\t\t\t\t\t\t\t\n\t\t\t\t\t\t\t<\/div>\n\t\t\t\t<\/div>\n\t\t\t<\/div><div class=\"et_pb_module dica_divi_carouselitem dica_divi_carouselitem_1 et_clickable\">\n\t\t\t\t\n\t\t\t\t\n\t\t\t\t\n\t\t\t\t\n\t\t\t\t\n\t\t\t\t\n\t\t\t\t<div class=\"et_pb_module_inner\">\n\t\t\t\t\t <div class=\"dica-item empty-content image_top\" data-link=\"https:\/\/seciss.facmed.unam.mx\/index.php\/echo-1\/#equipo\" data-target=\"_blank\" data-hash=\"dica_divi_carouselitem_1\">\n\t\t\t\t\t\t\t\t\t<div class=\"dica-image-container\"><span class=\"image\"><img loading=\"lazy\" decoding=\"async\" src=\"https:\/\/seciss.facmed.unam.mx\/wp-content\/uploads\/2023\/10\/EQUIPO.jpg\" srcset=\"https:\/\/seciss.facmed.unam.mx\/wp-content\/uploads\/2023\/10\/EQUIPO.jpg 1181w, https:\/\/seciss.facmed.unam.mx\/wp-content\/uploads\/2023\/10\/EQUIPO-980x980.jpg 980w, https:\/\/seciss.facmed.unam.mx\/wp-content\/uploads\/2023\/10\/EQUIPO-480x480.jpg 480w\" alt=\"\" class=\"dica-item-image\" width=\"1181\" height=\"1181\"\/><\/span><\/div>\n\t\t\t\t\t\t\t\t\t\n\t\t\t\t\t\t\t<\/div>\n\t\t\t\t<\/div>\n\t\t\t<\/div><div class=\"et_pb_module dica_divi_carouselitem dica_divi_carouselitem_2 et_clickable\">\n\t\t\t\t\n\t\t\t\t\n\t\t\t\t\n\t\t\t\t\n\t\t\t\t\n\t\t\t\t\n\t\t\t\t<div class=\"et_pb_module_inner\">\n\t\t\t\t\t <div class=\"dica-item empty-content image_top\" data-link=\"https:\/\/seciss.facmed.unam.mx\/index.php\/echo-1\/#hub\" data-target=\"_blank\" data-hash=\"dica_divi_carouselitem_2\">\n\t\t\t\t\t\t\t\t\t<div class=\"dica-image-container\"><span class=\"image\"><img decoding=\"async\" src=\"https:\/\/seciss.facmed.unam.mx\/wp-content\/uploads\/2024\/07\/TELECLI\u0301NICAS.jpg\" srcset=\"\" alt=\"\" class=\"dica-item-image\" width=\"f\" height=\"u\"\/><\/span><\/div>\n\t\t\t\t\t\t\t\t\t\n\t\t\t\t\t\t\t<\/div>\n\t\t\t\t<\/div>\n\t\t\t<\/div><\/div>\t\n\t\t\t\t\t\t\t\t<\/div>\t\n\t\t\t\t\t\t\t\t<div class=\"swiper-buttton-container\"><div class=\"swiper-button-prev dica-prev-btn-0\" data-icon=\"&#x38;\"><\/div><div class=\"swiper-button-next dica-next-btn-0\" data-icon=\"&#x39;\"><\/div><\/div>\n\t\t\t\t\t\t\t\t\t\t\t\t\t\t\n\t\t\t\t\t\t\t<\/div>\n\t\t\t\t<\/div>\n\t\t\t<\/div>\u00daLTIMAS NOTICIASGALER\u00cdA<div class=\"et_pb_module dica_divi_carousel dica_divi_carousel_1\">\n\t\t\t\t\n\t\t\t\t\n\t\t\t\t\n\t\t\t\t\n\t\t\t\t\n\t\t\t\t\n\t\t\t\t<div class=\"et_pb_module_inner\">\n\t\t\t\t\t<div class=\"dica-container  desktop_middle-inside tablet_middle-inside mobile_middle-inside\" data-props='{\"desktop\":\"4\",\"tablet\":\"3\",\"mobile\":\"1\",\"speed\":\"500\",\"arrow\":\"off\",\"dots\":\"off\",\"autoplay\":\"off\",\"autoSpeed\":\"1000\",\"loop\":\"off\",\"item_spacing\":\"30\",\"center_mode\":\"off\",\"slider_effec\":\"default\",\"cover_rotate\":\"50\",\"pause_onhover\":\"off\",\"multislide\":\"off\",\"cfshadow\":\"on\",\"order\":\"1\",\"lazyload\":\"off\",\"lazybefore\":\"off\",\"scroller_effect\":\"off\",\"autowidth\":\"\\u00bbon\\u00bb\",\"item_spacing_tablet\":\"30\",\"item_spacing_phone\":\"30\",\"scroller_speed\":\"4000\",\"hashNavigation\":\"off\",\"simulatetouch\":\"off\",\"allowtouchmove\":\"off\",\"slide_row\":\"1\",\"slide_row_tablet\":\"1\",\"slide_row_phone\":\"1\",\"keyboard\":\"off\",\"mousewheel\":\"off\",\"autoplay_viewport\":\"\"}'>\n\t\t\t\t\t\t\t \t<div class=\"swiper-container\" >\n\t\t\t\t\t\t\t\t\t<div class=\"swiper-wrapper\"><\/div>\t\n\t\t\t\t\t\t\t\t<\/div>\t\n\t\t\t\t\t\t\t\t\n\t\t\t\t\t\t\t\t\t\t\t\t\t\t\n\t\t\t\t\t\t\t<\/div>\n\t\t\t\t<\/div>\n\t\t\t<\/div><\/p>\n","protected":false},"author":4,"featured_media":0,"parent":0,"menu_order":0,"comment_status":"closed","ping_status":"closed","template":"","meta":{"_et_pb_use_builder":"on","_et_pb_old_content":"","_et_gb_content_width":"","footnotes":""},"class_list":["post-7884","page","type-page","status-publish","hentry"],"jetpack_sharing_enabled":true,"_links":{"self":[{"href":"https:\/\/seciss.facmed.unam.mx\/index.php\/wp-json\/wp\/v2\/pages\/7884","targetHints":{"allow":["GET"]}}],"collection":[{"href":"https:\/\/seciss.facmed.unam.mx\/index.php\/wp-json\/wp\/v2\/pages"}],"about":[{"href":"https:\/\/seciss.facmed.unam.mx\/index.php\/wp-json\/wp\/v2\/types\/page"}],"author":[{"embeddable":true,"href":"https:\/\/seciss.facmed.unam.mx\/index.php\/wp-json\/wp\/v2\/users\/4"}],"replies":[{"embeddable":true,"href":"https:\/\/seciss.facmed.unam.mx\/index.php\/wp-json\/wp\/v2\/comments?post=7884"}],"version-history":[{"count":38,"href":"https:\/\/seciss.facmed.unam.mx\/index.php\/wp-json\/wp\/v2\/pages\/7884\/revisions"}],"predecessor-version":[{"id":8653,"href":"https:\/\/seciss.facmed.unam.mx\/index.php\/wp-json\/wp\/v2\/pages\/7884\/revisions\/8653"}],"wp:attachment":[{"href":"https:\/\/seciss.facmed.unam.mx\/index.php\/wp-json\/wp\/v2\/media?parent=7884"}],"curies":[{"name":"wp","href":"https:\/\/api.w.org\/{rel}","templated":true}]}}