{"id":6628,"date":"2022-02-21T12:25:01","date_gmt":"2022-02-21T18:25:01","guid":{"rendered":"https:\/\/seciss.facmed.unam.mx\/?page_id=6628"},"modified":"2026-02-18T12:51:45","modified_gmt":"2026-02-18T18:51:45","slug":"recursos-academicos","status":"publish","type":"page","link":"https:\/\/seciss.facmed.unam.mx\/index.php\/recursos-academicos\/","title":{"rendered":"Recursos acad\u00e9micos"},"content":{"rendered":"<p>[et_pb_section fb_built=\u00bb1&#8243; _builder_version=\u00bb4.27.4&#8243; _module_preset=\u00bbdefault\u00bb custom_padding=\u00bb||44px|||\u00bb hover_enabled=\u00bb0&#8243; box_shadow_style=\u00bbpreset3&#8243; global_colors_info=\u00bb{}\u00bb custom_margin_last_edited=\u00bbon|phone\u00bb custom_margin_phone=\u00bb-69px||||false|false\u00bb sticky_enabled=\u00bb0&#8243;][et_pb_row _builder_version=\u00bb4.27.4&#8243; _module_preset=\u00bbdefault\u00bb global_colors_info=\u00bb{}\u00bb][et_pb_column type=\u00bb4_4&#8243; _builder_version=\u00bb4.27.4&#8243; _module_preset=\u00bbdefault\u00bb global_colors_info=\u00bb{}\u00bb][et_pb_text _builder_version=\u00bb4.27.5&#8243; _module_preset=\u00bbdefault\u00bb text_font=\u00bb|800||on|||||\u00bb text_text_color=\u00bb#053967&#8243; text_font_size=\u00bb86px\u00bb text_orientation=\u00bbcenter\u00bb hover_enabled=\u00bb0&#8243; text_text_shadow_style=\u00bbpreset1&#8243; global_colors_info=\u00bb{}\u00bb text_font_size_last_edited=\u00bbon|tablet\u00bb text_font_size_tablet=\u00bb50px\u00bb sticky_enabled=\u00bb0&#8243; text_font_size_phone=\u00bb38px\u00bb text_line_height_last_edited=\u00bbon|phone\u00bb text_line_height_phone=\u00bb1.3em\u00bb]<\/p>\n<p>recursos acad\u00e9micos<\/p>\n<p>[\/et_pb_text][\/et_pb_column][\/et_pb_row][et_pb_row _builder_version=\u00bb4.27.4&#8243; _module_preset=\u00bbdefault\u00bb global_colors_info=\u00bb{}\u00bb][et_pb_column type=\u00bb4_4&#8243; _builder_version=\u00bb4.27.4&#8243; _module_preset=\u00bbdefault\u00bb global_colors_info=\u00bb{}\u00bb][et_pb_text _builder_version=\u00bb4.27.4&#8243; _module_preset=\u00bbdefault\u00bb text_text_color=\u00bb#08245A\u00bb text_font_size=\u00bb23px\u00bb text_orientation=\u00bbcenter\u00bb text_text_shadow_style=\u00bbpreset1&#8243; global_colors_info=\u00bb{}\u00bb]<\/p>\n<p>En este espacio encontrar\u00e1s casos cl\u00ednicos y recursos educativos que apoyar\u00e1n tu aprendizaje<\/p>\n<p>[\/et_pb_text][\/et_pb_column][\/et_pb_row][\/et_pb_section][et_pb_section fb_built=\u00bb1&#8243; _builder_version=\u00bb4.16&#8243; _module_preset=\u00bbdefault\u00bb custom_padding=\u00bb31px|||||\u00bb global_colors_info=\u00bb{}\u00bb][et_pb_row _builder_version=\u00bb4.16&#8243; _module_preset=\u00bbdefault\u00bb global_colors_info=\u00bb{}\u00bb][et_pb_column type=\u00bb4_4&#8243; _builder_version=\u00bb4.16&#8243; _module_preset=\u00bbdefault\u00bb global_colors_info=\u00bb{}\u00bb][et_pb_tabs active_tab_background_color=\u00bbrgba(8,36,90,0.55)\u00bb active_tab_text_color=\u00bb#FFFFFF\u00bb _builder_version=\u00bb4.16&#8243; _module_preset=\u00bbdefault\u00bb body_font=\u00bb|700||||on|||\u00bb body_text_color=\u00bb#08245a\u00bb body_font_size=\u00bb17px\u00bb tab_font=\u00bbTrebuchet|700||||on|||\u00bb tab_font_size=\u00bb18px\u00bb background_color=\u00bbRGBA(255,255,255,0)\u00bb background_image=\u00bbhttps:\/\/seciss.facmed.unam.mx\/wp-content\/uploads\/2022\/02\/abstract-pattern-black-line-circuit-board-on-white-background-technology-concept-vector-copia-1.png\u00bb background_blend=\u00bblighten\u00bb border_radii=\u00bbon|22px|22px|22px|22px\u00bb box_shadow_style=\u00bbpreset1&#8243; global_colors_info=\u00bb{}\u00bb][et_pb_tab title=\u00bb3\u00ba a\u00f1o (6\u00ba y 7\u00ba semestres)\u00bb _builder_version=\u00bb4.16&#8243; _module_preset=\u00bbdefault\u00bb global_colors_info=\u00bb{}\u00bb]<\/p>\n<ul>\n<li><a href=\"https:\/\/drive.google.com\/drive\/folders\/1XhxZZDOUOnNMJUo0uCU1LBRZl5KmejEv?usp=sharing\" target=\"_blank\" rel=\"noopener\">Cardiolog\u00eda<\/a><\/li>\n<li><a href=\"https:\/\/drive.google.com\/drive\/folders\/1QIwi3RrLymEYZi8YxAeQohVdWhhrrFvx?usp=sharing\" target=\"_blank\" rel=\"noopener\">Dermatolog\u00eda<\/a><\/li>\n<li><a href=\"https:\/\/drive.google.com\/drive\/folders\/1P4UxqB0VeoN5RWFJ7au9QKOK0rzpPFCR?usp=sharing\" target=\"_blank\" rel=\"noopener\">Endocrinolog\u00eda<\/a><\/li>\n<li><a href=\"https:\/\/drive.google.com\/drive\/folders\/1OBugXZUCvTZtkS9afSLECK7DfKKsbi9b?usp=sharing\" target=\"_blank\" rel=\"noopener\">Anatom\u00eda Patol\u00f3gica II<\/a><\/li>\n<li><a href=\"https:\/\/drive.google.com\/drive\/folders\/1ssrEMcV9awCD569AymKCPps2rjQt840q?usp=sharing\" target=\"_blank\" rel=\"noopener\">Gastroenterolog\u00eda<\/a><\/li>\n<li><a href=\"https:\/\/drive.google.com\/drive\/folders\/1YcZ-lMfiCKrTdCtpT7vvlGBZFtx5bKfk?usp=sharing\" target=\"_blank\" rel=\"noopener\">Hematolog\u00eda<\/a><\/li>\n<li><a href=\"https:\/\/drive.google.com\/drive\/folders\/1mwxLcXzjxNwdZ2PPOoiW6Al5mnrnyC1S?usp=sharing\" target=\"_blank\" rel=\"noopener\">Nefrolog\u00eda<\/a><\/li>\n<li><a href=\"https:\/\/drive.google.com\/drive\/folders\/1jqV7fMoSFrxtw7FWMxmZlbFmnPURI_7C?usp=sharing\" target=\"_blank\" rel=\"noopener\">Neumolog\u00eda<\/a><\/li>\n<li><a href=\"https:\/\/drive.google.com\/drive\/folders\/1aeZVZczG5eh8N49M1wtyJXFYE_ewRdu3?usp=sharing\" target=\"_blank\" rel=\"noopener\">Neurolog\u00eda<\/a><\/li>\n<li><a href=\"https:\/\/drive.google.com\/drive\/folders\/1-bAFGaiZUnTOv91Po94D_kYtd6CVGSPH?usp=sharing\" target=\"_blank\" rel=\"noopener\">Nutrici\u00f3n Humana<\/a><\/li>\n<li><a href=\"https:\/\/drive.google.com\/drive\/folders\/1R_6gTNP8ASyGZh39UedYIUC9q8U824yV?usp=sharing\" target=\"_blank\" rel=\"noopener\">Oftalmolog\u00eda<\/a><\/li>\n<li><a href=\"https:\/\/drive.google.com\/drive\/folders\/1Yw5avmyR9D9sMIBl37dL9Nm5GqOXJz_r?usp=sharing\" target=\"_blank\" rel=\"noopener\">Otorrinolaringolog\u00eda<\/a><\/li>\n<li><a href=\"https:\/\/drive.google.com\/drive\/folders\/10ceCvIlq-tnYm_q9pv8MwnfYhUzAoex-?usp=sharing\" target=\"_blank\" rel=\"noopener\">Psiquiatr\u00eda<\/a><\/li>\n<li><a href=\"https:\/\/drive.google.com\/drive\/folders\/13FmZBvpk51yzy2PPqSBa7Zn1PtvmP3Rj?usp=sharing\" target=\"_blank\" rel=\"noopener\">Urolog\u00eda<\/a><\/li>\n<\/ul>\n<p>[\/et_pb_tab][et_pb_tab title=\u00bb4\u00ba a\u00f1o (8\u00ba y 9\u00ba semestres)\u00bb _builder_version=\u00bb4.16&#8243; _module_preset=\u00bbdefault\u00bb global_colors_info=\u00bb{}\u00bb]<\/p>\n<ul>\n<li><a href=\"https:\/\/drive.google.com\/drive\/folders\/14AzdFHrOZmiCT9pF4nxQZsAtAoYoV6sO?usp=sharing\" target=\"_blank\" rel=\"noopener\">Ginecolog\u00eda y Obstetricia<\/a><\/li>\n<li><a href=\"https:\/\/drive.google.com\/drive\/folders\/1yOQzGFUzjPGxYWwOLFfjw7wKuDSIpWhO?usp=sharing\" target=\"_blank\" rel=\"noopener\">Pediatr\u00eda<\/a><\/li>\n<li><a href=\"https:\/\/drive.google.com\/drive\/folders\/1HzzI-YaSagKA_aL933liwrNUnE5DfprD?usp=sharing\" target=\"_blank\" rel=\"noopener\">Reumatolog\u00eda\u00a0<\/a><\/li>\n<li><a href=\"https:\/\/drive.google.com\/drive\/folders\/1BUEE_2Nv4M_ogD9apIVFWuOd_g7BABiR?usp=sharing\" target=\"_blank\" rel=\"noopener\">Infectolog\u00eda\u00a0<\/a><\/li>\n<li><a href=\"https:\/\/drive.google.com\/drive\/folders\/1UVX3Ey0t8dG2Z_Coq2ziJNhCTmcikjd0?usp=sharing\" target=\"_blank\" rel=\"noopener\">Rehabilitaci\u00f3n<\/a><\/li>\n<li><a href=\"https:\/\/drive.google.com\/drive\/folders\/1Bn2_slMv_EsSoGr5F7R5pXuRXzHn6aAa?usp=sharing\" target=\"_blank\" rel=\"noopener\">Cirug\u00eda y Urgencias M\u00e9dicas<\/a><\/li>\n<li><a href=\"https:\/\/drive.google.com\/drive\/folders\/16atVN2FN9VYaysI7zw2OtkPsXnbHREwE?usp=sharing\" target=\"_blank\" rel=\"noopener\">Ortopedia y Traumatolog\u00eda<\/a><\/li>\n<li><a href=\"https:\/\/drive.google.com\/drive\/folders\/18BlQpUPBg0mxA7n0ivNMO07UaN96fuzu?usp=sharing\" target=\"_blank\" rel=\"noopener\">Medicina Legal<\/a><\/li>\n<li><a href=\"https:\/\/drive.google.com\/drive\/folders\/1mMYRkUM5uKJ-KsKRzZbo7IlTfJv-7oY9?usp=sharing\" target=\"_blank\" rel=\"noopener\">Geriatr\u00eda<\/a><\/li>\n<li><a href=\"https:\/\/drive.google.com\/drive\/folders\/1sGOsfyEQjyd6gxjsMt5xQO9ZvxrwmOOO?usp=sharing\" target=\"_blank\" rel=\"noopener\">Algolog\u00eda<\/a><\/li>\n<\/ul>\n<p>[\/et_pb_tab][et_pb_tab title=\u00bbInternado M\u00e9dico\u00bb _builder_version=\u00bb4.16&#8243; _module_preset=\u00bbdefault\u00bb global_colors_info=\u00bb{}\u00bb]<\/p>\n<ul>\n<li><a href=\"https:\/\/drive.google.com\/drive\/folders\/14apUs7wYX53M5JhNPmWTAe5cgXChCZkJ?usp=sharing\" target=\"_blank\" rel=\"noopener\">Medicina Interna<\/a><\/li>\n<li><a href=\"https:\/\/drive.google.com\/drive\/folders\/1n6AeTaOl8yT3iiCFi-dkfApCWqNWVp8m?usp=sharing\" target=\"_blank\" rel=\"noopener\">Cirug\u00eda General<\/a><\/li>\n<li><a href=\"https:\/\/drive.google.com\/drive\/folders\/1lKHzi-HNtyoKsX1DqR-ltiG4W_npepS0?usp=sharing\" target=\"_blank\" rel=\"noopener\">Medicina Familiar y Comunitaria<\/a><\/li>\n<li><a href=\"https:\/\/drive.google.com\/drive\/folders\/14q02cpbapnANFa0xjieSn8eCvSRnT7Le?usp=sharing\" target=\"_blank\" rel=\"noopener\">Pediatr\u00eda<\/a><\/li>\n<li><a href=\"https:\/\/drive.google.com\/drive\/folders\/16kY7Xb6dX-DyQZhNlyzXPVqESiEZT9PJ?usp=sharing\" target=\"_blank\" rel=\"noopener\">Ginecolog\u00eda y Obstetricia<\/a><\/li>\n<li><a href=\"https:\/\/drive.google.com\/drive\/folders\/1gFuP0bZYnSqQezkcPtOgsnpvHZMddWTG?usp=sharing\" target=\"_blank\" rel=\"noopener\">Urgencias M\u00e9dico Quir\u00fargicas<\/a><\/li>\n<\/ul>\n<p>[\/et_pb_tab][et_pb_tab title=\u00bbCOVID &#8211; 19&#8243; _builder_version=\u00bb4.16&#8243; _module_preset=\u00bbdefault\u00bb global_colors_info=\u00bb{}\u00bb]<\/p>\n<ul>\n<li><a href=\"https:\/\/drive.google.com\/drive\/folders\/1BqesoaOKX11Mdmq0X6r7oXZ69DiAtikB?usp=sharing\" target=\"_blank\" rel=\"noopener\">COVID &#8211; 19<\/a><\/li>\n<\/ul>\n<p>[\/et_pb_tab][\/et_pb_tabs][\/et_pb_column][\/et_pb_row][\/et_pb_section]<\/p>\n","protected":false},"excerpt":{"rendered":"<p>recursos acad\u00e9micosEn este espacio encontrar\u00e1s casos cl\u00ednicos y recursos educativos que apoyar\u00e1n tu aprendizaje Cardiolog\u00eda Dermatolog\u00eda Endocrinolog\u00eda Anatom\u00eda Patol\u00f3gica II Gastroenterolog\u00eda Hematolog\u00eda Nefrolog\u00eda Neumolog\u00eda Neurolog\u00eda Nutrici\u00f3n Humana Oftalmolog\u00eda Otorrinolaringolog\u00eda Psiquiatr\u00eda Urolog\u00eda Ginecolog\u00eda y Obstetricia Pediatr\u00eda Reumatolog\u00eda\u00a0 Infectolog\u00eda\u00a0 Rehabilitaci\u00f3n Cirug\u00eda y Urgencias M\u00e9dicas Ortopedia y Traumatolog\u00eda Medicina Legal Geriatr\u00eda Algolog\u00eda Medicina Interna Cirug\u00eda General Medicina Familiar [&hellip;]<\/p>\n","protected":false},"author":4,"featured_media":0,"parent":0,"menu_order":0,"comment_status":"closed","ping_status":"closed","template":"","meta":{"_et_pb_use_builder":"on","_et_pb_old_content":"","_et_gb_content_width":"","footnotes":""},"class_list":["post-6628","page","type-page","status-publish","hentry"],"jetpack_sharing_enabled":true,"_links":{"self":[{"href":"https:\/\/seciss.facmed.unam.mx\/index.php\/wp-json\/wp\/v2\/pages\/6628","targetHints":{"allow":["GET"]}}],"collection":[{"href":"https:\/\/seciss.facmed.unam.mx\/index.php\/wp-json\/wp\/v2\/pages"}],"about":[{"href":"https:\/\/seciss.facmed.unam.mx\/index.php\/wp-json\/wp\/v2\/types\/page"}],"author":[{"embeddable":true,"href":"https:\/\/seciss.facmed.unam.mx\/index.php\/wp-json\/wp\/v2\/users\/4"}],"replies":[{"embeddable":true,"href":"https:\/\/seciss.facmed.unam.mx\/index.php\/wp-json\/wp\/v2\/comments?post=6628"}],"version-history":[{"count":17,"href":"https:\/\/seciss.facmed.unam.mx\/index.php\/wp-json\/wp\/v2\/pages\/6628\/revisions"}],"predecessor-version":[{"id":9982,"href":"https:\/\/seciss.facmed.unam.mx\/index.php\/wp-json\/wp\/v2\/pages\/6628\/revisions\/9982"}],"wp:attachment":[{"href":"https:\/\/seciss.facmed.unam.mx\/index.php\/wp-json\/wp\/v2\/media?parent=6628"}],"curies":[{"name":"wp","href":"https:\/\/api.w.org\/{rel}","templated":true}]}}