{"id":536,"date":"2018-10-08T16:31:45","date_gmt":"2018-10-08T16:31:45","guid":{"rendered":"http:\/\/paginas.facmed.unam.mx\/deptos\/ss\/?page_id=536"},"modified":"2018-12-14T18:44:59","modified_gmt":"2018-12-14T18:44:59","slug":"tercero","status":"publish","type":"page","link":"https:\/\/seciss.facmed.unam.mx\/index.php\/tercero\/","title":{"rendered":"Tercer A\u00f1o"},"content":{"rendered":"<p>[et_pb_section fb_built=\u00bb1&#8243; _builder_version=\u00bb3.15&#8243; background_image=\u00bbhttp:\/\/paginas.facmed.unam.mx\/deptos\/ss\/wp-content\/uploads\/2018\/10\/Captura-de-pantalla-2018-10-09-a-las-14.17.32.png\u00bb custom_padding=\u00bb18px|0px|0|0px|false|false\u00bb][et_pb_row custom_padding=\u00bb21px|0px|27px|0px|false|false\u00bb _builder_version=\u00bb3.15&#8243;][et_pb_column type=\u00bb4_4&#8243; _builder_version=\u00bb3.15&#8243; parallax=\u00bboff\u00bb parallax_method=\u00bbon\u00bb][et_pb_text _builder_version=\u00bb3.15&#8243; header_font=\u00bb||||||||\u00bb header_text_color=\u00bb#ffffff\u00bb]<\/p>\n<h1 style=\"text-align: center;\"><strong><\/strong><\/h1>\n<h1 style=\"text-align: center;\"><strong><\/strong><\/h1>\n<h1 style=\"text-align: center;\"><strong>Programas Acad\u00e9micos<\/strong><\/h1>\n<p>[\/et_pb_text][\/et_pb_column][\/et_pb_row][\/et_pb_section][et_pb_section fb_built=\u00bb1&#8243; _builder_version=\u00bb3.15&#8243; custom_padding=\u00bb0|0px|54px|0px|false|false\u00bb][et_pb_row _builder_version=\u00bb3.15&#8243;][et_pb_column type=\u00bb4_4&#8243; _builder_version=\u00bb3.15&#8243; parallax=\u00bboff\u00bb parallax_method=\u00bbon\u00bb][et_pb_tabs _builder_version=\u00bb3.15&#8243;][et_pb_tab title=\u00bb5\u00b0Semestre \u00bb _builder_version=\u00bb3.15&#8243;]<\/p>\n<p style=\"text-align: center;\"><a href=\"http:\/\/paginas.facmed.unam.mx\/deptos\/ss\/wp-content\/uploads\/2018\/10\/5-Prop-Med-y-Fisiopatologia.pdf\" rel=\"attachment wp-att-602 noopener noreferrer\" target=\"_blank\">Proped\u00e9utica M\u00e9dica y Fisiopatolog\u00eda<\/a><\/p>\n<p style=\"text-align: center;\"><a href=\"http:\/\/paginas.facmed.unam.mx\/deptos\/ss\/wp-content\/uploads\/2018\/10\/5-Imagenologia.pdf\" rel=\"attachment wp-att-603 noopener noreferrer\" target=\"_blank\">Imagenolog\u00eda<\/a><\/p>\n<p style=\"text-align: center;\"><a href=\"http:\/\/paginas.facmed.unam.mx\/deptos\/ss\/wp-content\/uploads\/2018\/10\/5-Laboratorio-Clinico.pdf\" rel=\"attachment wp-att-604 noopener noreferrer\" target=\"_blank\">Laboratorio Cl\u00ednico<\/a><\/p>\n<p style=\"text-align: center;\"><a href=\"https:\/\/seciss.facmed.unam.mx\/wp-content\/uploads\/2018\/10\/5-Medicina-Psicologica-y-Comunicacion-1.pdf\" rel=\"attachment wp-att-605 noopener noreferrer\" target=\"_blank\">Medicina Psicol\u00f3gica y Comunicaci\u00f3n<\/a><\/p>\n<p style=\"text-align: center;\"><a href=\"https:\/\/seciss.facmed.unam.mx\/wp-content\/uploads\/2018\/10\/5-Epid-Clin-MBE-1.pdf\" rel=\"attachment wp-att-606 noopener noreferrer\" target=\"_blank\">Epidemiolog\u00eda Cl\u00ednica y Medicina Basada en Evidencias<\/a><\/p>\n<p>[\/et_pb_tab][et_pb_tab title=\u00bb6\u00b0 y 7\u00b0 Semestres (2019)\u00bb _builder_version=\u00bb3.15&#8243;]<\/p>\n<p style=\"text-align: center;\"><a href=\"https:\/\/seciss.facmed.unam.mx\/wp-content\/uploads\/2018\/12\/Anatomi\u0301a-Patolo\u0301gica-I-2019.pdf\" target=\"_blank\" rel=\"noopener noreferrer\">Anatom\u00eda Patol\u00f3gica I<\/a><\/p>\n<p style=\"text-align: center;\"><a href=\"https:\/\/seciss.facmed.unam.mx\/wp-content\/uploads\/2018\/12\/Cardiologi\u0301a-2019.pdf\" rel=\"attachment wp-att-608 noopener noreferrer\" target=\"_blank\">Cardiolog\u00eda<\/a><\/p>\n<p style=\"text-align: center;\"><a href=\"https:\/\/seciss.facmed.unam.mx\/wp-content\/uploads\/2018\/12\/Hematologi\u0301a-2019.pdf\" rel=\"attachment wp-att-609 noopener noreferrer\" target=\"_blank\">Hematolog\u00eda<\/a><\/p>\n<p style=\"text-align: center;\"><a href=\"https:\/\/seciss.facmed.unam.mx\/wp-content\/uploads\/2018\/12\/Nefrologi\u0301a-2019-1.pdf\" rel=\"attachment wp-att-610 noopener noreferrer\" target=\"_blank\">Nefrolog\u00eda<\/a><\/p>\n<p style=\"text-align: center;\"><a href=\"https:\/\/seciss.facmed.unam.mx\/wp-content\/uploads\/2018\/12\/Neumologi\u0301a-2019.pdf\" rel=\"attachment wp-att-611 noopener noreferrer\" target=\"_blank\">Neumolog\u00eda<\/a><\/p>\n<p style=\"text-align: center;\"><a href=\"https:\/\/seciss.facmed.unam.mx\/wp-content\/uploads\/2018\/12\/Otorrinolaringologi\u0301a-2019.pdf\" target=\"_blank\" rel=\"attachment wp-att-612 noopener noreferrer\">Otorrinolaringolog\u00eda<\/a><\/p>\n<p style=\"text-align: center;\"><a href=\"https:\/\/seciss.facmed.unam.mx\/wp-content\/uploads\/2018\/12\/Psiquiatri\u0301a-2019-1.pdf\" rel=\"attachment wp-att-613 noopener noreferrer\" target=\"_blank\">Psiquiatr\u00eda<\/a><\/p>\n<p style=\"text-align: center;\"><a href=\"https:\/\/seciss.facmed.unam.mx\/wp-content\/uploads\/2018\/12\/Urologi\u0301a-2019-1.pdf\" rel=\"attachment wp-att-614 noopener noreferrer\" target=\"_blank\">Urolog\u00eda<\/a><\/p>\n<p style=\"text-align: center;\"><a href=\"https:\/\/seciss.facmed.unam.mx\/wp-content\/uploads\/2018\/12\/Anatomi\u0301a-Patolo\u0301gica-II-2019-3.pdf\" target=\"_blank\" rel=\"attachment wp-att-615 noopener noreferrer\">Anatom\u00eda Patol\u00f3gica II<\/a><\/p>\n<p style=\"text-align: center;\"><a href=\"https:\/\/seciss.facmed.unam.mx\/wp-content\/uploads\/2018\/12\/Dermatologi\u0301a-2019.pdf\" rel=\"attachment wp-att-616 noopener noreferrer\" target=\"_blank\">Dermatolog\u00eda<\/a><\/p>\n<p style=\"text-align: center;\"><a href=\"https:\/\/seciss.facmed.unam.mx\/wp-content\/uploads\/2018\/12\/Endocrinologi\u0301a-2019.pdf\" rel=\"attachment wp-att-617 noopener noreferrer\" target=\"_blank\">Endocrinolog\u00eda<\/a><\/p>\n<p style=\"text-align: center;\"><a href=\"https:\/\/seciss.facmed.unam.mx\/wp-content\/uploads\/2018\/12\/Gastroenterologia-2019.pdf\" rel=\"attachment wp-att-618 noopener noreferrer\" target=\"_blank\">Gastroenterolog\u00eda<\/a><\/p>\n<p style=\"text-align: center;\"><a href=\"https:\/\/seciss.facmed.unam.mx\/wp-content\/uploads\/2018\/12\/Neurologi\u0301a-2019-1.pdf\" rel=\"attachment wp-att-619 noopener noreferrer\" target=\"_blank\">Neurolog\u00eda<\/a><\/p>\n<p style=\"text-align: center;\"><a href=\"https:\/\/seciss.facmed.unam.mx\/wp-content\/uploads\/2018\/12\/Nutricio\u0301n-Humana-2019-1.pdfhttps:\/\/seciss.facmed.unam.mx\/wp-content\/uploads\/2018\/12\/Nutricio\u0301n-Humana-2019-1.pdf\" target=\"_blank\" rel=\"attachment wp-att-620 noopener noreferrer\">Nutrici\u00f3n Humana<\/a><\/p>\n<p style=\"text-align: center;\"><a href=\"https:\/\/seciss.facmed.unam.mx\/wp-content\/uploads\/2018\/12\/Oftalmologi\u0301a-2019.pdf\" rel=\"attachment wp-att-621 noopener noreferrer\" target=\"_blank\">Oftalmolog\u00eda<\/a><\/p>\n<p>[\/et_pb_tab][et_pb_tab title=\u00bb8\u00b0 y 9\u00b0 Semestres (2019)\u00bb _builder_version=\u00bb3.15&#8243;]<\/p>\n<p style=\"text-align: center;\"><a href=\"https:\/\/seciss.facmed.unam.mx\/wp-content\/uploads\/2018\/12\/GINECOLOGI\u0301A-Y-OBSTETRICIA-2019.pdf\" target=\"_blank\" rel=\"attachment wp-att-622 noopener noreferrer\">Ginecolog\u00eda y Obstetricia<\/a><\/p>\n<p style=\"text-align: center;\"><a href=\"https:\/\/seciss.facmed.unam.mx\/wp-content\/uploads\/2018\/12\/PEDIATRI\u0301A-2019.pdf\" target=\"_blank\" rel=\"attachment wp-att-623 noopener noreferrer\">Pediatr\u00eda<\/a><\/p>\n<p style=\"text-align: center;\"><a href=\"https:\/\/seciss.facmed.unam.mx\/wp-content\/uploads\/2018\/12\/REHABILITACIO\u0301N-2019.pdf\" rel=\"attachment wp-att-624 noopener noreferrer\" target=\"_blank\">Rehabilitaci\u00f3n<\/a><\/p>\n<p style=\"text-align: center;\"><a href=\"https:\/\/seciss.facmed.unam.mx\/wp-content\/uploads\/2018\/12\/ALGOLOGI\u0301A-2019.pdf\" target=\"_blank\" rel=\"attachment wp-att-625 noopener noreferrer\">Algolog\u00eda<\/a><\/p>\n<p style=\"text-align: center;\"><a href=\"https:\/\/seciss.facmed.unam.mx\/wp-content\/uploads\/2018\/12\/CIRUGI\u0301A-Y-URGENCIAS-ME\u0301DICAS-2019.pdf\" target=\"_blank\" rel=\"attachment wp-att-626 noopener noreferrer\">Cirug\u00eda y Urgencias M\u00e9dicas<\/a><\/p>\n<p style=\"text-align: center;\"><a href=\"https:\/\/seciss.facmed.unam.mx\/wp-content\/uploads\/2018\/12\/GERIATRI\u0301A-2019.pdf\" rel=\"attachment wp-att-627 noopener noreferrer\" target=\"_blank\">Geriatr\u00eda<\/a><\/p>\n<p style=\"text-align: center;\"><a href=\"https:\/\/seciss.facmed.unam.mx\/wp-content\/uploads\/2018\/12\/INFECTOLOGI\u0301A-2019.pdf\" target=\"_blank\" rel=\"attachment wp-att-628 noopener noreferrer\">Infectolog\u00eda<\/a><\/p>\n<p style=\"text-align: center;\"><a href=\"https:\/\/seciss.facmed.unam.mx\/wp-content\/uploads\/2018\/12\/MEDICINA-LEGAL-2019.pdf\" target=\"_blank\" rel=\"attachment wp-att-629 noopener noreferrer\">Medicina Legal<\/a><\/p>\n<p style=\"text-align: center;\"><a href=\"https:\/\/seciss.facmed.unam.mx\/wp-content\/uploads\/2018\/12\/ORTOPEDIA-Y-TRAUMATOLOGI\u0301A-2019.pdf\" target=\"_blank\" rel=\"attachment wp-att-630 noopener noreferrer\">Ortopedia y Traumatolog\u00eda<\/a><\/p>\n<p style=\"text-align: center;\"><a href=\"https:\/\/seciss.facmed.unam.mx\/wp-content\/uploads\/2018\/12\/REUMATOLOGI\u0301A-2019.pdf\" rel=\"attachment wp-att-631 noopener noreferrer\" target=\"_blank\">Reumatolog\u00eda<\/a><\/p>\n<p>[\/et_pb_tab][et_pb_tab title=\u00bb10\u00b0 y 11\u00b0Semestres \u00bb _builder_version=\u00bb3.15&#8243;]<\/p>\n<p style=\"text-align: center;\"><a href=\"http:\/\/paginas.facmed.unam.mx\/deptos\/ss\/wp-content\/uploads\/2018\/10\/1011.pdf\" rel=\"attachment wp-att-632 noopener noreferrer\" target=\"_blank\">Internado M\u00e9dico<\/a><\/p>\n<p>[\/et_pb_tab][\/et_pb_tabs][\/et_pb_column][\/et_pb_row][\/et_pb_section]<\/p>\n","protected":false},"excerpt":{"rendered":"<p>Programas Acad\u00e9micosProped\u00e9utica M\u00e9dica y Fisiopatolog\u00eda Imagenolog\u00eda Laboratorio Cl\u00ednico Medicina Psicol\u00f3gica y Comunicaci\u00f3n Epidemiolog\u00eda Cl\u00ednica y Medicina Basada en EvidenciasAnatom\u00eda Patol\u00f3gica I Cardiolog\u00eda Hematolog\u00eda Nefrolog\u00eda Neumolog\u00eda Otorrinolaringolog\u00eda Psiquiatr\u00eda Urolog\u00eda Anatom\u00eda Patol\u00f3gica II Dermatolog\u00eda Endocrinolog\u00eda Gastroenterolog\u00eda Neurolog\u00eda Nutrici\u00f3n Humana Oftalmolog\u00edaGinecolog\u00eda y Obstetricia Pediatr\u00eda Rehabilitaci\u00f3n Algolog\u00eda Cirug\u00eda y Urgencias M\u00e9dicas Geriatr\u00eda Infectolog\u00eda Medicina Legal Ortopedia y Traumatolog\u00eda Reumatolog\u00edaInternado [&hellip;]<\/p>\n","protected":false},"author":1,"featured_media":0,"parent":0,"menu_order":0,"comment_status":"closed","ping_status":"closed","template":"","meta":{"_et_pb_use_builder":"on","_et_pb_old_content":"","_et_gb_content_width":"","footnotes":""},"class_list":["post-536","page","type-page","status-publish","hentry"],"jetpack_sharing_enabled":true,"_links":{"self":[{"href":"https:\/\/seciss.facmed.unam.mx\/index.php\/wp-json\/wp\/v2\/pages\/536","targetHints":{"allow":["GET"]}}],"collection":[{"href":"https:\/\/seciss.facmed.unam.mx\/index.php\/wp-json\/wp\/v2\/pages"}],"about":[{"href":"https:\/\/seciss.facmed.unam.mx\/index.php\/wp-json\/wp\/v2\/types\/page"}],"author":[{"embeddable":true,"href":"https:\/\/seciss.facmed.unam.mx\/index.php\/wp-json\/wp\/v2\/users\/1"}],"replies":[{"embeddable":true,"href":"https:\/\/seciss.facmed.unam.mx\/index.php\/wp-json\/wp\/v2\/comments?post=536"}],"version-history":[{"count":13,"href":"https:\/\/seciss.facmed.unam.mx\/index.php\/wp-json\/wp\/v2\/pages\/536\/revisions"}],"predecessor-version":[{"id":1753,"href":"https:\/\/seciss.facmed.unam.mx\/index.php\/wp-json\/wp\/v2\/pages\/536\/revisions\/1753"}],"wp:attachment":[{"href":"https:\/\/seciss.facmed.unam.mx\/index.php\/wp-json\/wp\/v2\/media?parent=536"}],"curies":[{"name":"wp","href":"https:\/\/api.w.org\/{rel}","templated":true}]}}