{"id":200,"date":"2018-09-30T16:43:01","date_gmt":"2018-09-30T16:43:01","guid":{"rendered":"http:\/\/paginas.facmed.unam.mx\/deptos\/ss\/?page_id=200"},"modified":"2026-02-24T10:27:21","modified_gmt":"2026-02-24T16:27:21","slug":"jefatura","status":"publish","type":"page","link":"https:\/\/seciss.facmed.unam.mx\/index.php\/jefatura\/","title":{"rendered":"Jefatura"},"content":{"rendered":"<p>[et_pb_section fb_built=\u00bb1&#8243; _builder_version=\u00bb4.16&#8243; custom_padding=\u00bb0|0px|0|0px|false|false\u00bb global_colors_info=\u00bb{}\u00bb][et_pb_row _builder_version=\u00bb4.16&#8243; global_colors_info=\u00bb{}\u00bb][et_pb_column type=\u00bb4_4&#8243; _builder_version=\u00bb4.16&#8243; custom_padding=\u00bb|||\u00bb global_colors_info=\u00bb{}\u00bb custom_padding__hover=\u00bb|||\u00bb][et_pb_text _builder_version=\u00bb4.16&#8243; global_colors_info=\u00bb{}\u00bb]<\/p>\n<h1 style=\"text-align: center;\"><strong>Secretar\u00eda de Ense\u00f1anza Cl\u00ednica, Internado <\/strong><\/h1>\n<h1 style=\"text-align: center;\"><strong>M\u00e9dico y Servicio Social<\/strong><\/h1>\n<p>[\/et_pb_text][\/et_pb_column][\/et_pb_row][\/et_pb_section][et_pb_section fb_built=\u00bb1&#8243; _builder_version=\u00bb4.16&#8243; custom_padding=\u00bb0|0px|54px|0px|false|false\u00bb global_colors_info=\u00bb{}\u00bb][et_pb_row _builder_version=\u00bb4.16&#8243; global_colors_info=\u00bb{}\u00bb][et_pb_column type=\u00bb4_4&#8243; _builder_version=\u00bb4.16&#8243; custom_padding=\u00bb|||\u00bb global_colors_info=\u00bb{}\u00bb custom_padding__hover=\u00bb|||\u00bb][et_pb_team_member name=\u00bbDr. Guillermo Hideo Wakida Kuzunoki\u00bb position=\u00bbSecretario de Ense\u00f1anza Cl\u00ednica, Internado M\u00e9dico y Servicio Social\u00bb image_url=\u00bbhttps:\/\/seciss.facmed.unam.mx\/wp-content\/uploads\/2023\/10\/WhatsApp-Image-2024-02-20-at-11.37.50.png\u00bb _builder_version=\u00bb4.27.5&#8243; hover_enabled=\u00bb0&#8243; global_colors_info=\u00bb{}\u00bb width=\u00bb33%\u00bb max_width=\u00bb100%\u00bb header_font_size=\u00bb19px\u00bb header_text_align=\u00bbleft\u00bb sticky_enabled=\u00bb0&#8243;]<\/p>\n<p><span><strong>Tel\u00e9fono: <\/strong>56-23-24-21 \/ 56-23-24-13<\/span><\/p>\n<p><span><strong>Correo: <\/strong>gwakida@facmed.unam.mx<\/span><\/p>\n<p>[\/et_pb_team_member][\/et_pb_column][\/et_pb_row][\/et_pb_section]<\/p>\n","protected":false},"excerpt":{"rendered":"<p>Secretar\u00eda de Ense\u00f1anza Cl\u00ednica, Internado M\u00e9dico y Servicio SocialTel\u00e9fono: 56-23-24-21 \/ 56-23-24-13 Correo: gwakida@facmed.unam.mx<\/p>\n","protected":false},"author":1,"featured_media":0,"parent":0,"menu_order":0,"comment_status":"closed","ping_status":"closed","template":"","meta":{"_et_pb_use_builder":"on","_et_pb_old_content":"","_et_gb_content_width":"","footnotes":""},"class_list":["post-200","page","type-page","status-publish","hentry"],"jetpack_sharing_enabled":true,"_links":{"self":[{"href":"https:\/\/seciss.facmed.unam.mx\/index.php\/wp-json\/wp\/v2\/pages\/200","targetHints":{"allow":["GET"]}}],"collection":[{"href":"https:\/\/seciss.facmed.unam.mx\/index.php\/wp-json\/wp\/v2\/pages"}],"about":[{"href":"https:\/\/seciss.facmed.unam.mx\/index.php\/wp-json\/wp\/v2\/types\/page"}],"author":[{"embeddable":true,"href":"https:\/\/seciss.facmed.unam.mx\/index.php\/wp-json\/wp\/v2\/users\/1"}],"replies":[{"embeddable":true,"href":"https:\/\/seciss.facmed.unam.mx\/index.php\/wp-json\/wp\/v2\/comments?post=200"}],"version-history":[{"count":18,"href":"https:\/\/seciss.facmed.unam.mx\/index.php\/wp-json\/wp\/v2\/pages\/200\/revisions"}],"predecessor-version":[{"id":10008,"href":"https:\/\/seciss.facmed.unam.mx\/index.php\/wp-json\/wp\/v2\/pages\/200\/revisions\/10008"}],"wp:attachment":[{"href":"https:\/\/seciss.facmed.unam.mx\/index.php\/wp-json\/wp\/v2\/media?parent=200"}],"curies":[{"name":"wp","href":"https:\/\/api.w.org\/{rel}","templated":true}]}}