{"id":139,"date":"2018-09-28T16:21:46","date_gmt":"2018-09-28T16:21:46","guid":{"rendered":"http:\/\/paginas.facmed.unam.mx\/deptos\/ss\/?page_id=139"},"modified":"2026-03-04T09:31:24","modified_gmt":"2026-03-04T15:31:24","slug":"coordinacion-de-servicio-social","status":"publish","type":"page","link":"https:\/\/seciss.facmed.unam.mx\/index.php\/coordinacion-de-servicio-social\/","title":{"rendered":"Servicio Social"},"content":{"rendered":"<p>[et_pb_section fb_built=\u00bb1&#8243; fullwidth=\u00bbon\u00bb _builder_version=\u00bb4.27.5&#8243; _module_preset=\u00bbdefault\u00bb global_colors_info=\u00bb{}\u00bb][et_pb_fullwidth_header title=\u00bbSERVICIO SOCIAL\u00bb _builder_version=\u00bb4.27.5&#8243; _module_preset=\u00bbdefault\u00bb title_font=\u00bb|800|||||||\u00bb title_text_align=\u00bbcenter\u00bb title_text_color=\u00bb#053967&#8243; title_font_size=\u00bb60px\u00bb background_color=\u00bb#FFFFFF\u00bb custom_padding=\u00bb16px||16px|||\u00bb hover_enabled=\u00bb0&#8243; title_font_size_tablet=\u00bb60px\u00bb title_font_size_phone=\u00bb34px\u00bb title_font_size_last_edited=\u00bbon|phone\u00bb global_colors_info=\u00bb{}\u00bb sticky_enabled=\u00bb0&#8243;][\/et_pb_fullwidth_header][\/et_pb_section][et_pb_section fb_built=\u00bb1&#8243; _builder_version=\u00bb4.27.4&#8243; _module_preset=\u00bbdefault\u00bb custom_padding=\u00bb9px||6px|||\u00bb box_shadow_style=\u00bbpreset2&#8243; global_colors_info=\u00bb{}\u00bb][et_pb_row column_structure=\u00bb1_2,1_2&#8243; _builder_version=\u00bb4.27.5&#8243; _module_preset=\u00bbdefault\u00bb max_width=\u00bb2356px\u00bb min_height=\u00bb64px\u00bb custom_padding=\u00bb8px||6px|||\u00bb global_colors_info=\u00bb{}\u00bb][et_pb_column type=\u00bb1_2&#8243; _builder_version=\u00bb4.27.4&#8243; _module_preset=\u00bbdefault\u00bb global_colors_info=\u00bb{}\u00bb][et_pb_button button_url=\u00bbhttps:\/\/seciss.facmed.unam.mx\/wp-content\/uploads\/2026\/03\/Directorio-css-Marzo-2026.pdf\u00bb url_new_window=\u00bbon\u00bb button_text=\u00bbDirectorio\u00bb button_alignment=\u00bbleft\u00bb button_alignment_tablet=\u00bbleft\u00bb button_alignment_phone=\u00bbcenter\u00bb button_alignment_last_edited=\u00bbon|phone\u00bb _builder_version=\u00bb4.27.6&#8243; _module_preset=\u00bbdefault\u00bb custom_button=\u00bbon\u00bb button_text_color=\u00bb#FFFFFF\u00bb button_bg_color=\u00bb#08245A\u00bb button_border_color=\u00bb#08245A\u00bb button_border_radius=\u00bb17px\u00bb hover_enabled=\u00bb0&#8243; global_colors_info=\u00bb{}\u00bb sticky_enabled=\u00bb0&#8243;][\/et_pb_button][\/et_pb_column][et_pb_column type=\u00bb1_2&#8243; _builder_version=\u00bb4.27.4&#8243; _module_preset=\u00bbdefault\u00bb global_colors_info=\u00bb{}\u00bb][et_pb_text content_tablet=\u00bb<\/p>\n<p><a href=%22https:\/\/www.facebook.com\/profile.php?id=100057044605675%22 data-et-target-link=%22_blank%22 rel=%22noopener%22><img src=%22https:\/\/seciss.facmed.unam.mx\/wp-content\/uploads\/2025\/09\/1657548367Facebook-logo-300x188.png%22 width=%2251%22 height=%2232%22 alt=%22%22 class=%22wp-image-9438 alignnone size-medium%22 style=%22float: right;%22 \/><\/a>  <a href=%22https:\/\/www.youtube.com\/@serviciosocialdefacultadde9411%22 data-et-target-link=%22_blank%22 rel=%22noopener%22>  <img src=%22https:\/\/seciss.facmed.unam.mx\/wp-content\/uploads\/2025\/09\/Youtube_logo-300x208.png%22 width=%2242%22 height=%2229%22 alt=%22%22 class=%22wp-image-9439 alignnone size-medium%22 style=%22float: right;%22 \/><\/a><\/p>\n<p>\u00bb content_phone=\u00bb<\/p>\n<p><a href=%22https:\/\/www.facebook.com\/profile.php?id=100057044605675%22 data-et-target-link=%22_blank%22 rel=%22noopener%22><img src=%22https:\/\/seciss.facmed.unam.mx\/wp-content\/uploads\/2025\/09\/1657548367Facebook-logo-300x188.png%22 width=%2251%22 height=%2232%22 alt=%22%22 class=%22wp-image-9438 alignnone size-medium%22 style=%22display: block; margin-left: auto; margin-right: auto;%22 \/><\/a><img src=%22https:\/\/seciss.facmed.unam.mx\/wp-content\/uploads\/2025\/09\/Youtube_logo-300x208.png%22 width=%2242%22 height=%2229%22 alt=%22%22 class=%22wp-image-9439 alignnone size-medium%22 style=%22display: block; margin-left: auto; margin-right: auto;%22 \/><\/p>\n<p>\u00bb content_last_edited=\u00bbon|phone\u00bb _builder_version=\u00bb4.27.5&#8243; _module_preset=\u00bbdefault\u00bb global_colors_info=\u00bb{}\u00bb]<\/p>\n<p><a href=\"https:\/\/www.facebook.com\/profile.php?id=100057044605675\" target=\"_blank\" rel=\"noopener\"><img loading=\"lazy\" decoding=\"async\" src=\"https:\/\/seciss.facmed.unam.mx\/wp-content\/uploads\/2025\/09\/1657548367Facebook-logo-300x188.png\" width=\"51\" height=\"32\" alt=\"\" class=\"wp-image-9438 alignnone size-medium\" style=\"float: right;\" \/><\/a>\u00a0 <a href=\"https:\/\/www.youtube.com\/@serviciosocialdefacultadde9411\" target=\"_blank\" rel=\"noopener\">\u00a0 <img loading=\"lazy\" decoding=\"async\" src=\"https:\/\/seciss.facmed.unam.mx\/wp-content\/uploads\/2025\/09\/Youtube_logo-300x208.png\" width=\"42\" height=\"29\" alt=\"\" class=\"wp-image-9439 alignnone size-medium\" style=\"float: right;\" \/><\/a><\/p>\n<p>[\/et_pb_text][\/et_pb_column][\/et_pb_row][\/et_pb_section][et_pb_section fb_built=\u00bb1&#8243; fullwidth=\u00bbon\u00bb _builder_version=\u00bb4.27.4&#8243; _module_preset=\u00bbdefault\u00bb background_enable_color=\u00bboff\u00bb global_colors_info=\u00bb{}\u00bb][et_pb_fullwidth_header title=\u00bb Inscripci\u00f3n Relativa a la Inscripci\u00f3n al Servicio Social\u00bb text_orientation=\u00bbcenter\u00bb _builder_version=\u00bb4.27.4&#8243; _module_preset=\u00bbdefault\u00bb title_font=\u00bb|800||||on|||\u00bb title_text_color=\u00bb#08245A\u00bb background_color=\u00bb#B3B3B3&#8243; custom_padding=\u00bb8px||0px|||\u00bb global_colors_info=\u00bb{}\u00bb][\/et_pb_fullwidth_header][\/et_pb_section][et_pb_section fb_built=\u00bb1&#8243; fullwidth=\u00bbon\u00bb _builder_version=\u00bb4.27.4&#8243; _module_preset=\u00bbdefault\u00bb global_colors_info=\u00bb{}\u00bb][et_pb_fullwidth_image src=\u00bbhttps:\/\/seciss.facmed.unam.mx\/wp-content\/uploads\/2026\/02\/Captura-de-pantalla-2026-02-13-a-las-12.35.57-p.m.png\u00bb title_text=\u00bbCaptura de pantalla 2026-02-13 a la(s) 12.35.57\u202fp.m.\u00bb url=\u00bbhttps:\/\/seciss.facmed.unam.mx\/wp-content\/uploads\/2026\/02\/Campos-2026.pdf\u00bb url_new_window=\u00bbon\u00bb _builder_version=\u00bb4.27.5&#8243; _module_preset=\u00bbdefault\u00bb global_colors_info=\u00bb{}\u00bb][\/et_pb_fullwidth_image][\/et_pb_section][et_pb_section fb_built=\u00bb1&#8243; fullwidth=\u00bbon\u00bb _builder_version=\u00bb4.27.4&#8243; _module_preset=\u00bbdefault\u00bb global_colors_info=\u00bb{}\u00bb][et_pb_fullwidth_image src=\u00bbhttps:\/\/seciss.facmed.unam.mx\/wp-content\/uploads\/2026\/02\/Captura-de-pantalla-2026-02-13-a-las-12.37.03-p.m.png\u00bb title_text=\u00bbCaptura de pantalla 2026-02-13 a la(s) 12.37.03\u202fp.m.\u00bb url=\u00bbhttps:\/\/www.facmed.unam.mx\/sg\/css\/Campos%20clinicos%20Agosto%202022.html\u00bb url_new_window=\u00bbon\u00bb _builder_version=\u00bb4.27.5&#8243; _module_preset=\u00bbdefault\u00bb global_colors_info=\u00bb{}\u00bb][\/et_pb_fullwidth_image][\/et_pb_section][et_pb_section fb_built=\u00bb1&#8243; _builder_version=\u00bb4.27.5&#8243; _module_preset=\u00bbdefault\u00bb background_enable_image=\u00bboff\u00bb parallax=\u00bbon\u00bb parallax_method=\u00bboff\u00bb custom_padding=\u00bb|0px||||\u00bb box_shadow_style=\u00bbpreset1&#8243; global_colors_info=\u00bb{}\u00bb][et_pb_row column_structure=\u00bb1_4,1_4,1_4,1_4&#8243; _builder_version=\u00bb4.27.5&#8243; _module_preset=\u00bbdefault\u00bb max_width=\u00bb1556px\u00bb global_colors_info=\u00bb{}\u00bb][et_pb_column type=\u00bb1_4&#8243; _builder_version=\u00bb4.27.4&#8243; _module_preset=\u00bbdefault\u00bb global_colors_info=\u00bb{}\u00bb][et_pb_text _builder_version=\u00bb4.27.5&#8243; _module_preset=\u00bbdefault\u00bb text_font=\u00bb|700|||||||\u00bb text_text_color=\u00bb#053967&#8243; text_font_size=\u00bb20px\u00bb text_orientation=\u00bbcenter\u00bb width=\u00bb100%\u00bb max_width=\u00bb100%\u00bb custom_margin=\u00bb||55px|||\u00bb global_colors_info=\u00bb{}\u00bb]<\/p>\n<p>Inscripci\u00f3n Servicio Social<\/p>\n<p>[\/et_pb_text][et_pb_icon font_icon=\u00bb&#x6c;||divi||400&#8243; icon_color=\u00bb#053967&#8243; _builder_version=\u00bb4.27.5&#8243; _module_preset=\u00bbdefault\u00bb global_colors_info=\u00bb{}\u00bb][\/et_pb_icon][et_pb_button button_url=\u00bbhttps:\/\/seciss.facmed.unam.mx\/wp-content\/uploads\/2025\/09\/Pre-registro-Febrero-2026.pdf\u00bb url_new_window=\u00bbon\u00bb button_text=\u00bbPreregistro\u00bb button_alignment=\u00bbcenter\u00bb _builder_version=\u00bb4.27.5&#8243; _module_preset=\u00bbdefault\u00bb custom_button=\u00bbon\u00bb button_text_size=\u00bb15px\u00bb button_text_color=\u00bb#FFFFFF\u00bb button_bg_color=\u00bb#053967&#8243; button_border_color=\u00bb#FFFFFF\u00bb button_border_radius=\u00bb10px\u00bb button_font=\u00bb|600|||||||\u00bb global_colors_info=\u00bb{}\u00bb][\/et_pb_button][\/et_pb_column][et_pb_column type=\u00bb1_4&#8243; _builder_version=\u00bb4.27.4&#8243; _module_preset=\u00bbdefault\u00bb global_colors_info=\u00bb{}\u00bb][et_pb_text _builder_version=\u00bb4.27.5&#8243; _module_preset=\u00bbdefault\u00bb text_font=\u00bbTrebuchet|700|||||||\u00bb text_text_color=\u00bb#053967&#8243; text_font_size=\u00bb20px\u00bb text_orientation=\u00bbcenter\u00bb width=\u00bb100%\u00bb max_width=\u00bb100%\u00bb global_colors_info=\u00bb{}\u00bb]<\/p>\n<p>Informaci\u00f3n para M\u00e9dicos Pasantes del Servicio Social<\/p>\n<p>[\/et_pb_text][et_pb_icon font_icon=\u00bb&#x70;||divi||400&#8243; icon_color=\u00bb#053967&#8243; _builder_version=\u00bb4.27.5&#8243; _module_preset=\u00bbdefault\u00bb global_colors_info=\u00bb{}\u00bb][\/et_pb_icon][et_pb_button button_url=\u00bbhttps:\/\/seciss.facmed.unam.mx\/wp-content\/uploads\/2025\/09\/REGLAMENTO-INTERNO-DEL-SERVICIO-SOCIAL-DEL-ALUMNADO-DE-LA-LICENCIATURA-DE-MEDICO-CIRUJANO.pdf\u00bb url_new_window=\u00bbon\u00bb button_text=\u00bbReglamento MPSS\u00bb button_alignment=\u00bbcenter\u00bb _builder_version=\u00bb4.27.5&#8243; _module_preset=\u00bbdefault\u00bb custom_button=\u00bbon\u00bb button_text_size=\u00bb15px\u00bb button_text_color=\u00bb#FFFFFF\u00bb button_bg_color=\u00bb#053967&#8243; button_border_color=\u00bb#FFFFFF\u00bb button_border_radius=\u00bb10px\u00bb button_font=\u00bb|600|||||||\u00bb global_colors_info=\u00bb{}\u00bb][\/et_pb_button][et_pb_button button_url=\u00bbhttps:\/\/seciss.facmed.unam.mx\/wp-content\/uploads\/2025\/09\/Certificado-2024-2025.pdf\u00bb url_new_window=\u00bbon\u00bb button_text=\u00bbCertificado del SS\u00bb button_alignment=\u00bbcenter\u00bb _builder_version=\u00bb4.27.5&#8243; _module_preset=\u00bbdefault\u00bb custom_button=\u00bbon\u00bb button_text_size=\u00bb15px\u00bb button_text_color=\u00bb#FFFFFF\u00bb button_bg_color=\u00bb#053967&#8243; button_border_color=\u00bb#FFFFFF\u00bb button_border_radius=\u00bb10px\u00bb button_font=\u00bb|600|||||||\u00bb global_colors_info=\u00bb{}\u00bb][\/et_pb_button][et_pb_button button_url=\u00bbhttps:\/\/seciss.facmed.unam.mx\/wp-content\/uploads\/2025\/09\/SEGURO-DE-SALUD.pdf\u00bb url_new_window=\u00bbon\u00bb button_text=\u00bbSeguro de Salud del MPSS\u00bb button_alignment=\u00bbcenter\u00bb _builder_version=\u00bb4.27.5&#8243; _module_preset=\u00bbdefault\u00bb custom_button=\u00bbon\u00bb button_text_size=\u00bb15px\u00bb button_text_color=\u00bb#FFFFFF\u00bb button_bg_color=\u00bb#053967&#8243; button_border_color=\u00bb#FFFFFF\u00bb button_border_radius=\u00bb10px\u00bb button_font=\u00bb|600|||||||\u00bb global_colors_info=\u00bb{}\u00bb][\/et_pb_button][\/et_pb_column][et_pb_column type=\u00bb1_4&#8243; _builder_version=\u00bb4.27.4&#8243; _module_preset=\u00bbdefault\u00bb global_colors_info=\u00bb{}\u00bb][et_pb_text _builder_version=\u00bb4.27.5&#8243; _module_preset=\u00bbdefault\u00bb text_font=\u00bb|700|||||||\u00bb text_text_color=\u00bb#053967&#8243; text_font_size=\u00bb20px\u00bb text_orientation=\u00bbcenter\u00bb width=\u00bb100%\u00bb max_width=\u00bb100%\u00bb min_height=\u00bb22.8px\u00bb custom_margin=\u00bb||64px|||\u00bb global_colors_info=\u00bb{}\u00bb]<\/p>\n<p>Convocatorias<\/p>\n<p>[\/et_pb_text][et_pb_icon font_icon=\u00bb&#xe059;||divi||400&#8243; icon_color=\u00bb#053967&#8243; _builder_version=\u00bb4.27.5&#8243; _module_preset=\u00bbdefault\u00bb global_colors_info=\u00bb{}\u00bb][\/et_pb_icon][et_pb_button button_url=\u00bbhttps:\/\/seciss.facmed.unam.mx\/wp-content\/uploads\/2025\/09\/Pre-convocatoria-Investigacion-2026.pdf\u00bb url_new_window=\u00bbon\u00bb button_text=\u00bbConvocatoria Servicio Social en Investigaci\u00f3n 2025&#8243; button_alignment=\u00bbcenter\u00bb _builder_version=\u00bb4.27.5&#8243; _module_preset=\u00bbdefault\u00bb custom_button=\u00bbon\u00bb button_text_size=\u00bb15px\u00bb button_text_color=\u00bb#FFFFFF\u00bb button_bg_color=\u00bb#053967&#8243; button_border_color=\u00bb#FFFFFF\u00bb button_border_radius=\u00bb10px\u00bb button_font=\u00bb|600|||||||\u00bb global_colors_info=\u00bb{}\u00bb][\/et_pb_button][\/et_pb_column][et_pb_column type=\u00bb1_4&#8243; _builder_version=\u00bb4.27.4&#8243; _module_preset=\u00bbdefault\u00bb global_colors_info=\u00bb{}\u00bb][et_pb_text _builder_version=\u00bb4.27.5&#8243; _module_preset=\u00bbdefault\u00bb text_font=\u00bb|700|||||||\u00bb text_text_color=\u00bb#08245A\u00bb text_font_size=\u00bb20px\u00bb text_orientation=\u00bbcenter\u00bb width=\u00bb100%\u00bb max_width=\u00bb100%\u00bb global_colors_info=\u00bb{}\u00bb]<\/p>\n<p>Apoyo acad\u00e9mico para M\u00e9dicos Pasantes del Servicio Social<\/p>\n<p>[\/et_pb_text][et_pb_icon font_icon=\u00bb&#xf19d;||fa||900&#8243; icon_color=\u00bb#053967&#8243; _builder_version=\u00bb4.27.5&#8243; _module_preset=\u00bbdefault\u00bb global_colors_info=\u00bb{}\u00bb][\/et_pb_icon][et_pb_button button_url=\u00bbhttps:\/\/seciss.facmed.unam.mx\/wp-content\/uploads\/2025\/09\/Programa-Academico-2022.pdf\u00bb url_new_window=\u00bbon\u00bb button_text=\u00bbPrograma acad\u00e9mico del Servicio Social\u00bb button_alignment=\u00bbcenter\u00bb _builder_version=\u00bb4.27.5&#8243; _module_preset=\u00bbdefault\u00bb custom_button=\u00bbon\u00bb button_text_size=\u00bb15px\u00bb button_text_color=\u00bb#FFFFFF\u00bb button_bg_color=\u00bb#053967&#8243; button_border_color=\u00bb#FFFFFF\u00bb button_border_radius=\u00bb10px\u00bb button_font=\u00bb|600|||||||\u00bb global_colors_info=\u00bb{}\u00bb][\/et_pb_button][et_pb_button button_url=\u00bbhttps:\/\/seciss.facmed.unam.mx\/wp-content\/uploads\/2025\/09\/Programa-asesoria.pdf\u00bb url_new_window=\u00bbon\u00bb button_text=\u00bbPrograma de Asesor\u00eda Acad\u00e9mica Servicio Social en el Campo Cl\u00ednico Rural\u00bb button_alignment=\u00bbcenter\u00bb _builder_version=\u00bb4.27.5&#8243; _module_preset=\u00bbdefault\u00bb custom_button=\u00bbon\u00bb button_text_size=\u00bb15px\u00bb button_text_color=\u00bb#FFFFFF\u00bb button_bg_color=\u00bb#053967&#8243; button_border_color=\u00bb#FFFFFF\u00bb button_border_radius=\u00bb10px\u00bb button_font=\u00bb|600|||||||\u00bb global_colors_info=\u00bb{}\u00bb][\/et_pb_button][et_pb_button button_url=\u00bbhttps:\/\/seciss.facmed.unam.mx\/wp-content\/uploads\/2025\/09\/Guia-Antivenenos.pdf\u00bb url_new_window=\u00bbon\u00bb button_text=\u00bbGu\u00eda de tratamiento en intoxicaciones por animales ponzo\u00f1osos\u00bb button_alignment=\u00bbcenter\u00bb _builder_version=\u00bb4.27.5&#8243; _module_preset=\u00bbdefault\u00bb custom_button=\u00bbon\u00bb button_text_size=\u00bb15px\u00bb button_text_color=\u00bb#FFFFFF\u00bb button_bg_color=\u00bb#053967&#8243; button_border_color=\u00bb#FFFFFF\u00bb button_border_radius=\u00bb10px\u00bb button_font=\u00bb|600|||||||\u00bb global_colors_info=\u00bb{}\u00bb][\/et_pb_button][et_pb_button button_url=\u00bbhttps:\/\/seciss.facmed.unam.mx\/wp-content\/uploads\/2025\/09\/Aspectos-medicos-relevantes.pdf\u00bb url_new_window=\u00bbon\u00bb button_text=\u00bbAspectos m\u00e9dicos relevantes para la buena pr\u00e1ctica del MPSS\u00bb button_alignment=\u00bbcenter\u00bb _builder_version=\u00bb4.27.5&#8243; _module_preset=\u00bbdefault\u00bb custom_button=\u00bbon\u00bb button_text_size=\u00bb15px\u00bb button_text_color=\u00bb#FFFFFF\u00bb button_bg_color=\u00bb#053967&#8243; button_border_color=\u00bb#FFFFFF\u00bb button_border_radius=\u00bb10px\u00bb button_font=\u00bb|600|||||||\u00bb global_colors_info=\u00bb{}\u00bb][\/et_pb_button][et_pb_button button_text=\u00bbCat\u00e1logo Maestro: Gu\u00edas de Pr\u00e1ctica Cl\u00ednica\u00bb button_alignment=\u00bbcenter\u00bb _builder_version=\u00bb4.27.5&#8243; _module_preset=\u00bbdefault\u00bb custom_button=\u00bbon\u00bb button_text_size=\u00bb15px\u00bb button_text_color=\u00bb#FFFFFF\u00bb button_bg_color=\u00bb#053967&#8243; button_border_color=\u00bb#FFFFFF\u00bb button_border_radius=\u00bb10px\u00bb button_font=\u00bb|600|||||||\u00bb global_colors_info=\u00bb{}\u00bb][\/et_pb_button][et_pb_button button_text=\u00bbAlgoritmos de atenci\u00f3n cl\u00ednica\u00bb button_alignment=\u00bbcenter\u00bb _builder_version=\u00bb4.27.5&#8243; _module_preset=\u00bbdefault\u00bb custom_button=\u00bbon\u00bb button_text_size=\u00bb15px\u00bb button_text_color=\u00bb#FFFFFF\u00bb button_bg_color=\u00bb#053967&#8243; button_border_color=\u00bb#FFFFFF\u00bb button_border_radius=\u00bb10px\u00bb button_font=\u00bb|600|||||||\u00bb global_colors_info=\u00bb{}\u00bb][\/et_pb_button][\/et_pb_column][\/et_pb_row][\/et_pb_section][et_pb_section fb_built=\u00bb1&#8243; fullwidth=\u00bbon\u00bb _builder_version=\u00bb4.27.4&#8243; _module_preset=\u00bbdefault\u00bb global_colors_info=\u00bb{}\u00bb][et_pb_fullwidth_image src=\u00bbhttps:\/\/seciss.facmed.unam.mx\/wp-content\/uploads\/2024\/12\/EVENTO-INFORMATIVO-2.png\u00bb title_text=\u00bbEVENTO INFORMATIVO (2)\u00bb url=\u00bbhttps:\/\/igualdaddegenero.facmed.unam.mx\/wp-content\/uploads\/2025\/03\/ProtocoloCasosViolencia_Tabloide.png\u00bb url_new_window=\u00bbon\u00bb _builder_version=\u00bb4.27.4&#8243; _module_preset=\u00bbdefault\u00bb global_colors_info=\u00bb{}\u00bb][\/et_pb_fullwidth_image][\/et_pb_section][et_pb_section fb_built=\u00bb1&#8243; _builder_version=\u00bb4.27.4&#8243; _module_preset=\u00bbdefault\u00bb background_enable_color=\u00bboff\u00bb global_colors_info=\u00bb{}\u00bb][et_pb_row column_structure=\u00bb1_2,1_2&#8243; _builder_version=\u00bb4.27.4&#8243; _module_preset=\u00bbdefault\u00bb custom_padding=\u00bb31px|||||\u00bb global_colors_info=\u00bb{}\u00bb][et_pb_column type=\u00bb1_2&#8243; _builder_version=\u00bb4.27.4&#8243; _module_preset=\u00bbdefault\u00bb global_colors_info=\u00bb{}\u00bb][\/et_pb_column][et_pb_column type=\u00bb1_2&#8243; _builder_version=\u00bb4.27.4&#8243; _module_preset=\u00bbdefault\u00bb global_colors_info=\u00bb{}\u00bb][et_pb_accordion open_toggle_text_color=\u00bb#053967&#8243; _builder_version=\u00bb4.27.5&#8243; toggle_font=\u00bb|700|||||||\u00bb body_text_color=\u00bb#053967&#8243; custom_margin=\u00bb55px||||false|false\u00bb custom_padding=\u00bb13px||||false|false\u00bb border_radii=\u00bbon|12px|12px|12px|12px\u00bb border_width_all=\u00bb2px\u00bb border_color_all=\u00bb#053967&#8243; global_colors_info=\u00bb{}\u00bb][et_pb_accordion_item title=\u00bbContacto\u00bb open=\u00bbon\u00bb _builder_version=\u00bb4.27.4&#8243; global_colors_info=\u00bb{}\u00bb]<\/p>\n<p><strong>Tel.: 56-23-24-39<\/strong><\/p>\n<p><strong>Ext.: 43008<\/strong><\/p>\n<p><span style=\"text-decoration: underline; color: #0000ff;\">coordinacionserviciosocial2@hotmail.com<\/span><\/p>\n<p>[\/et_pb_accordion_item][\/et_pb_accordion][\/et_pb_column][\/et_pb_row][\/et_pb_section]<\/p>\n","protected":false},"excerpt":{"rendered":"<p>\u00a0 \u00a0 Inscripci\u00f3n Servicio SocialInformaci\u00f3n para M\u00e9dicos Pasantes del Servicio SocialConvocatoriasApoyo acad\u00e9mico para M\u00e9dicos Pasantes del Servicio SocialTel.: 56-23-24-39 Ext.: 43008 coordinacionserviciosocial2@hotmail.com<\/p>\n","protected":false},"author":1,"featured_media":0,"parent":0,"menu_order":0,"comment_status":"closed","ping_status":"closed","template":"","meta":{"_et_pb_use_builder":"on","_et_pb_old_content":"","_et_gb_content_width":"","footnotes":""},"class_list":["post-139","page","type-page","status-publish","hentry"],"jetpack_sharing_enabled":true,"_links":{"self":[{"href":"https:\/\/seciss.facmed.unam.mx\/index.php\/wp-json\/wp\/v2\/pages\/139","targetHints":{"allow":["GET"]}}],"collection":[{"href":"https:\/\/seciss.facmed.unam.mx\/index.php\/wp-json\/wp\/v2\/pages"}],"about":[{"href":"https:\/\/seciss.facmed.unam.mx\/index.php\/wp-json\/wp\/v2\/types\/page"}],"author":[{"embeddable":true,"href":"https:\/\/seciss.facmed.unam.mx\/index.php\/wp-json\/wp\/v2\/users\/1"}],"replies":[{"embeddable":true,"href":"https:\/\/seciss.facmed.unam.mx\/index.php\/wp-json\/wp\/v2\/comments?post=139"}],"version-history":[{"count":238,"href":"https:\/\/seciss.facmed.unam.mx\/index.php\/wp-json\/wp\/v2\/pages\/139\/revisions"}],"predecessor-version":[{"id":10056,"href":"https:\/\/seciss.facmed.unam.mx\/index.php\/wp-json\/wp\/v2\/pages\/139\/revisions\/10056"}],"wp:attachment":[{"href":"https:\/\/seciss.facmed.unam.mx\/index.php\/wp-json\/wp\/v2\/media?parent=139"}],"curies":[{"name":"wp","href":"https:\/\/api.w.org\/{rel}","templated":true}]}}